{"id":40,"date":"2019-07-25T15:08:54","date_gmt":"2019-07-25T15:08:54","guid":{"rendered":"https:\/\/dosveintecrew.com\/?page_id=40"},"modified":"2021-05-11T19:07:00","modified_gmt":"2021-05-11T19:07:00","slug":"home","status":"publish","type":"page","link":"https:\/\/silviabasso.art\/en\/","title":{"rendered":"Home"},"content":{"rendered":"<p>[et_pb_section fb_built=\u00bb1&#8243; _builder_version=\u00bb4.6.5&#8243; background_enable_color=\u00bboff\u00bb background_image=\u00bbhttps:\/\/silviabasso.art\/wp-content\/uploads\/2020\/06\/07012015-DSC_8483-scaled.jpg\u00bb min_height=\u00bb70vh\u00bb custom_padding=\u00bb||0px|||\u00bb animation_style=\u00bbfade\u00bb background_last_edited=\u00bbon|phone\u00bb background_image_phone=\u00bbhttps:\/\/silviabasso.art\/wp-content\/uploads\/2020\/10\/silvia-basso-home-mobile-scaled.jpg\u00bb background_enable_image_phone=\u00bbon\u00bb title_text_phone=\u00bbsilvia basso home mobile\u00bb][et_pb_row _builder_version=\u00bb3.27.3&#8243; custom_padding=\u00bb120px|||||\u00bb][et_pb_column type=\u00bb4_4&#8243; _builder_version=\u00bb3.26.7&#8243;][et_pb_image src=\u00bbhttps:\/\/silviabasso.art\/wp-content\/uploads\/2020\/10\/logo-silvia-basso-2.png\u00bb title_text=\u00bblogo silvia basso 2&#8243; _builder_version=\u00bb4.6.0&#8243; width=\u00bb600px\u00bb width_tablet=\u00bb500px\u00bb width_phone=\u00bb80%\u00bb width_last_edited=\u00bbon|phone\u00bb module_alignment=\u00bbcenter\u00bb][\/et_pb_image][\/et_pb_column][\/et_pb_row][\/et_pb_section][et_pb_section fb_built=\u00bb1&#8243; _builder_version=\u00bb3.27.3&#8243; background_color=\u00bb#ececec\u00bb][et_pb_row _builder_version=\u00bb3.27.3&#8243;][et_pb_column type=\u00bb4_4&#8243; _builder_version=\u00bb3.27.3&#8243;][et_pb_text _builder_version=\u00bb4.4.8&#8243; text_font=\u00bbPlayfair Display||||||||\u00bb text_text_color=\u00bb#000000&#8243; text_font_size=\u00bb19px\u00bb header_font=\u00bbPlayfair Display||||||||\u00bb header_4_font=\u00bbPlayfair Display|700|on||||||\u00bb header_4_font_size=\u00bb23px\u00bb]<\/p>\n<h4 style=\"text-align: center;\">Art is a unique creation that is born from an emotion;<br \/> from a deep place in the unconscious<\/h4>\n<p>[\/et_pb_text][et_pb_text _builder_version=\u00bb4.6.5&#8243; text_font=\u00bbMukta||||||||\u00bb text_text_color=\u00bb#808080&#8243; text_font_size=\u00bb18px\u00bb]<\/p>\n<p style=\"text-align: center;\">Silvia Basso is a plastic artist born in Mendoza, Argentina.<br \/> She has participated in more than fifty individual and group shows.<\/p>\n<p style=\"text-align: center;\">Part of her works are in private collections in Argentina, Chile, Uruguay, Spain, France, Ireland and the USA.<\/p>\n<p>[\/et_pb_text][et_pb_text _builder_version=\u00bb4.4.8&#8243; text_text_color=\u00bb#808080&#8243; text_font_size=\u00bb21px\u00bb max_width=\u00bb1200px\u00bb]<\/p>\n<p style=\"text-align: right;\"><span style=\"text-decoration: underline; color: #000000;\"><a href=\"\/en\/bio\/\" style=\"color: #000000; text-decoration: underline;\">BIOGRAPHY\u2192<\/a><\/span><\/p>\n<p>[\/et_pb_text][\/et_pb_column][\/et_pb_row][\/et_pb_section][et_pb_section fb_built=\u00bb1&#8243; module_id=\u00bbseries\u00bb _builder_version=\u00bb4.6.0&#8243; background_color=\u00bb#ececec\u00bb][et_pb_row column_structure=\u00bb2_3,1_3&#8243; use_custom_gutter=\u00bbon\u00bb gutter_width=\u00bb1&#8243; make_equal=\u00bbon\u00bb _builder_version=\u00bb4.4.8&#8243;][et_pb_column type=\u00bb2_3&#8243; _builder_version=\u00bb4.4.8&#8243;][et_pb_image src=\u00bbhttps:\/\/silviabasso.art\/wp-content\/uploads\/2020\/09\/Cuaerpo-y-alma-portada.jpg\u00bb title_text=\u00bbCuaerpo-y-alma-portada\u00bb _builder_version=\u00bb4.6.0&#8243;][\/et_pb_image][\/et_pb_column][et_pb_column type=\u00bb1_3&#8243; _builder_version=\u00bb4.4.8&#8243; custom_css_main_element=\u00bbmargin:auto;\u00bb][et_pb_text _builder_version=\u00bb4.6.0&#8243; text_line_height=\u00bb1.2em\u00bb background_color=\u00bb#ececec\u00bb custom_margin=\u00bb|||-98px|false|false\u00bb custom_margin_tablet=\u00bb\u00bb custom_margin_phone=\u00bb|||0px|false|false\u00bb custom_margin_last_edited=\u00bbon|phone\u00bb custom_padding=\u00bb50px||50px|50px|true|false\u00bb custom_padding_tablet=\u00bb\u00bb custom_padding_phone=\u00bb20px|||0px|false|false\u00bb custom_padding_last_edited=\u00bbon|phone\u00bb]<\/p>\n<h3>CUERPO Y ALMA<\/h3>\n<p>&nbsp;<\/p>\n<p>Looking for that feminine side, that enchanting energy, that poetry that ennobles my soul.<\/p>\n<p><span style=\"text-decoration: underline;\"><span style=\"color: #000000;\"><a href=\"https:\/\/silviabasso.art\/en\/cuerpo-y-alma\/\" style=\"color: #000000; text-decoration: underline;\">SEE MORE\u2192<\/a><\/span><\/span><\/p>\n<p>[\/et_pb_text][\/et_pb_column][\/et_pb_row][et_pb_row column_structure=\u00bb2_3,1_3&#8243; use_custom_gutter=\u00bbon\u00bb gutter_width=\u00bb1&#8243; make_equal=\u00bbon\u00bb _builder_version=\u00bb4.4.8&#8243;][et_pb_column type=\u00bb2_3&#8243; _builder_version=\u00bb4.4.8&#8243;][et_pb_image src=\u00bbhttps:\/\/silviabasso.art\/wp-content\/uploads\/2020\/09\/Incosnciente-portada.jpg\u00bb title_text=\u00bbIncosnciente-portada\u00bb _builder_version=\u00bb4.6.0&#8243;][\/et_pb_image][\/et_pb_column][et_pb_column type=\u00bb1_3&#8243; _builder_version=\u00bb4.4.8&#8243; custom_css_main_element=\u00bbmargin:auto;\u00bb][et_pb_text _builder_version=\u00bb4.6.0&#8243; text_line_height=\u00bb1.2em\u00bb background_color=\u00bb#ececec\u00bb custom_margin=\u00bb|||-98px|false|false\u00bb custom_margin_tablet=\u00bb\u00bb custom_margin_phone=\u00bb|||0px|false|false\u00bb custom_margin_last_edited=\u00bbon|phone\u00bb custom_padding=\u00bb50px||50px|50px|true|false\u00bb custom_padding_tablet=\u00bb\u00bb custom_padding_phone=\u00bb20px|||0px|false|false\u00bb custom_padding_last_edited=\u00bbon|phone\u00bb]<\/p>\n<h3>INCONSCIENTE<\/h3>\n<p>&nbsp;<\/p>\n<p>Until you become aware of what you carry in your unconscious, the latter will direct your life and you will call it destiny.<\/p>\n<p><span style=\"text-decoration: underline;\"><span style=\"color: #000000;\"><a href=\"https:\/\/silviabasso.art\/en\/inconsciente\/\" style=\"color: #000000; text-decoration: underline;\">SEE MORE\u2192<\/a><\/span><\/span><\/p>\n<p>[\/et_pb_text][\/et_pb_column][\/et_pb_row][et_pb_row column_structure=\u00bb2_3,1_3&#8243; use_custom_gutter=\u00bbon\u00bb gutter_width=\u00bb1&#8243; make_equal=\u00bbon\u00bb _builder_version=\u00bb4.4.8&#8243;][et_pb_column type=\u00bb2_3&#8243; _builder_version=\u00bb4.4.8&#8243;][et_pb_image src=\u00bbhttps:\/\/silviabasso.art\/wp-content\/uploads\/2020\/09\/Portada-sinrazon-de-la-razon.jpg\u00bb title_text=\u00bbPortada-sinrazon-de-la-razon\u00bb _builder_version=\u00bb4.6.0&#8243;][\/et_pb_image][\/et_pb_column][et_pb_column type=\u00bb1_3&#8243; _builder_version=\u00bb4.4.8&#8243; custom_css_main_element=\u00bbmargin:auto;\u00bb][et_pb_text _builder_version=\u00bb4.6.0&#8243; text_line_height=\u00bb1.2em\u00bb background_color=\u00bb#ececec\u00bb custom_margin=\u00bb|||-98px|false|false\u00bb custom_margin_tablet=\u00bb\u00bb custom_margin_phone=\u00bb|||0px|false|false\u00bb custom_margin_last_edited=\u00bbon|phone\u00bb custom_padding=\u00bb50px||50px|50px|true|false\u00bb custom_padding_tablet=\u00bb\u00bb custom_padding_phone=\u00bb20px|||0px|false|false\u00bb custom_padding_last_edited=\u00bbon|phone\u00bb]<\/p>\n<h3>LA SINRAZ\u00d3N DE LA RAZ\u00d3N<\/h3>\n<p>&nbsp;<\/p>\n<p>After Julio Cort\u00e1zar, anything can happen.<\/p>\n<p><span style=\"text-decoration: underline;\"><span style=\"color: #000000;\"><a href=\"https:\/\/silviabasso.art\/en\/la-sinrazon-de-la-razon\/\" style=\"color: #000000; text-decoration: underline;\">SEE MORE\u2192<\/a><\/span><\/span><\/p>\n<p>[\/et_pb_text][\/et_pb_column][\/et_pb_row][et_pb_row column_structure=\u00bb2_3,1_3&#8243; use_custom_gutter=\u00bbon\u00bb gutter_width=\u00bb1&#8243; make_equal=\u00bbon\u00bb _builder_version=\u00bb4.4.8&#8243;][et_pb_column type=\u00bb2_3&#8243; _builder_version=\u00bb4.4.8&#8243;][et_pb_image src=\u00bbhttps:\/\/silviabasso.art\/wp-content\/uploads\/2020\/09\/un-viaje-portada.jpg\u00bb title_text=\u00bbun-viaje-portada\u00bb _builder_version=\u00bb4.6.0&#8243;][\/et_pb_image][\/et_pb_column][et_pb_column type=\u00bb1_3&#8243; _builder_version=\u00bb4.4.8&#8243; custom_css_main_element=\u00bbmargin:auto;\u00bb][et_pb_text _builder_version=\u00bb4.6.0&#8243; text_line_height=\u00bb1.2em\u00bb background_color=\u00bb#ececec\u00bb custom_margin=\u00bb|||-98px|false|false\u00bb custom_margin_tablet=\u00bb\u00bb custom_margin_phone=\u00bb|||0px|false|false\u00bb custom_margin_last_edited=\u00bbon|phone\u00bb custom_padding=\u00bb50px||50px|50px|true|false\u00bb custom_padding_tablet=\u00bb\u00bb custom_padding_phone=\u00bb20px|||0px|false|false\u00bb custom_padding_last_edited=\u00bbon|phone\u00bb]<\/p>\n<h3>UN VIAJE DE LOS SENTIDOS<\/h3>\n<p>&nbsp;<\/p>\n<p>The pleasure of exploring my land through mists, suns, rains and moonlit nights.<\/p>\n<p><span style=\"text-decoration: underline;\"><span style=\"color: #000000;\"><a href=\"https:\/\/silviabasso.art\/en\/un-viaje-de-los-sentidos-2\/\" style=\"color: #000000; text-decoration: underline;\">SEE MORE\u2192<\/a><\/span><\/span><\/p>\n<p>[\/et_pb_text][\/et_pb_column][\/et_pb_row][\/et_pb_section][et_pb_section fb_built=\u00bb1&#8243; module_id=\u00bbcontacto\u00bb _builder_version=\u00bb4.4.8&#8243; background_color=\u00bb#ececec\u00bb][et_pb_row column_structure=\u00bb1_2,1_2&#8243; _builder_version=\u00bb4.4.8&#8243;][et_pb_column type=\u00bb1_2&#8243; _builder_version=\u00bb4.4.8&#8243;][et_pb_text _builder_version=\u00bb4.4.8&#8243; header_3_font=\u00bbMukta|700|||||||\u00bb header_3_letter_spacing=\u00bb4px\u00bb]<\/p>\n<h3>CONTACT<\/h3>\n<p>[\/et_pb_text][et_pb_contact_form captcha=\u00bboff\u00bb email=\u00bbhola@silviabasso.art\u00bb custom_message=\u00bbCorreo desde la web:||et_pb_line_break_holder||||et_pb_line_break_holder||Nombre: %%Nombre%%||et_pb_line_break_holder||Mail: %%Email%%||et_pb_line_break_holder||Mensaje: %%Message%%\u00bb submit_button_text=\u00bbENVIAR\u00bb _builder_version=\u00bb4.6.0&#8243; form_field_background_color=\u00bb#b2b2b2&#8243; title_font_size=\u00bb13px\u00bb form_field_font=\u00bbMukta|||on|||||\u00bb form_field_font_size=\u00bb16px\u00bb form_field_letter_spacing=\u00bb0.15em\u00bb form_field_line_height=\u00bb1em\u00bb custom_button=\u00bbon\u00bb button_text_color=\u00bb#808080&#8243; button_border_width=\u00bb0px\u00bb button_border_color=\u00bb#000000&#8243; button_icon=\u00bb%%3%%\u00bb button_on_hover=\u00bboff\u00bb text_orientation=\u00bbleft\u00bb][et_pb_contact_field field_id=\u00bbNombre\u00bb field_title=\u00bbNombre\u00bb fullwidth_field=\u00bbon\u00bb _builder_version=\u00bb4.4.8&#8243; form_field_background_color=\u00bb#ececec\u00bb form_field_text_color=\u00bb#989898&#8243; form_field_focus_background_color=\u00bb#ffffff\u00bb form_field_focus_text_color=\u00bb#989898&#8243; form_field_font=\u00bbMukta||||||||\u00bb text_orientation=\u00bbleft\u00bb border_width_bottom=\u00bb1px\u00bb border_color_bottom=\u00bb#989898&#8243; button_text_size__hover_enabled=\u00bboff\u00bb button_one_text_size__hover_enabled=\u00bboff\u00bb button_two_text_size__hover_enabled=\u00bboff\u00bb button_text_color__hover_enabled=\u00bboff\u00bb button_one_text_color__hover_enabled=\u00bboff\u00bb button_two_text_color__hover_enabled=\u00bboff\u00bb button_border_width__hover_enabled=\u00bboff\u00bb button_one_border_width__hover_enabled=\u00bboff\u00bb button_two_border_width__hover_enabled=\u00bboff\u00bb button_border_color__hover_enabled=\u00bboff\u00bb button_one_border_color__hover_enabled=\u00bboff\u00bb button_two_border_color__hover_enabled=\u00bboff\u00bb button_border_radius__hover_enabled=\u00bboff\u00bb button_one_border_radius__hover_enabled=\u00bboff\u00bb button_two_border_radius__hover_enabled=\u00bboff\u00bb button_letter_spacing__hover_enabled=\u00bboff\u00bb button_one_letter_spacing__hover_enabled=\u00bboff\u00bb button_two_letter_spacing__hover_enabled=\u00bboff\u00bb button_bg_color__hover_enabled=\u00bboff\u00bb button_one_bg_color__hover_enabled=\u00bboff\u00bb button_two_bg_color__hover_enabled=\u00bboff\u00bb][\/et_pb_contact_field][et_pb_contact_field field_id=\u00bbEmail\u00bb field_title=\u00bbDirecci\u00f3n de correo electr\u00f3nico\u00bb field_type=\u00bbemail\u00bb fullwidth_field=\u00bbon\u00bb _builder_version=\u00bb4.4.8&#8243; form_field_background_color=\u00bb#ececec\u00bb form_field_text_color=\u00bb#989898&#8243; form_field_focus_background_color=\u00bb#ffffff\u00bb form_field_focus_text_color=\u00bb#989898&#8243; form_field_font=\u00bbMukta||||||||\u00bb text_orientation=\u00bbleft\u00bb border_width_bottom=\u00bb1px\u00bb border_color_bottom=\u00bb#989898&#8243; button_text_size__hover_enabled=\u00bboff\u00bb button_one_text_size__hover_enabled=\u00bboff\u00bb button_two_text_size__hover_enabled=\u00bboff\u00bb button_text_color__hover_enabled=\u00bboff\u00bb button_one_text_color__hover_enabled=\u00bboff\u00bb button_two_text_color__hover_enabled=\u00bboff\u00bb button_border_width__hover_enabled=\u00bboff\u00bb button_one_border_width__hover_enabled=\u00bboff\u00bb button_two_border_width__hover_enabled=\u00bboff\u00bb button_border_color__hover_enabled=\u00bboff\u00bb button_one_border_color__hover_enabled=\u00bboff\u00bb button_two_border_color__hover_enabled=\u00bboff\u00bb button_border_radius__hover_enabled=\u00bboff\u00bb button_one_border_radius__hover_enabled=\u00bboff\u00bb button_two_border_radius__hover_enabled=\u00bboff\u00bb button_letter_spacing__hover_enabled=\u00bboff\u00bb button_one_letter_spacing__hover_enabled=\u00bboff\u00bb button_two_letter_spacing__hover_enabled=\u00bboff\u00bb button_bg_color__hover_enabled=\u00bboff\u00bb button_one_bg_color__hover_enabled=\u00bboff\u00bb button_two_bg_color__hover_enabled=\u00bboff\u00bb][\/et_pb_contact_field][et_pb_contact_field field_id=\u00bbMessage\u00bb field_title=\u00bbMensaje\u00bb field_type=\u00bbtext\u00bb fullwidth_field=\u00bbon\u00bb _builder_version=\u00bb3.23&#8243; form_field_background_color=\u00bb#ececec\u00bb form_field_text_color=\u00bb#989898&#8243; form_field_focus_background_color=\u00bb#ffffff\u00bb form_field_focus_text_color=\u00bb#989898&#8243; form_field_font=\u00bbMukta||||||||\u00bb text_orientation=\u00bbleft\u00bb border_width_bottom=\u00bb1px\u00bb border_color_bottom=\u00bb#989898&#8243; button_text_size__hover_enabled=\u00bboff\u00bb button_one_text_size__hover_enabled=\u00bboff\u00bb button_two_text_size__hover_enabled=\u00bboff\u00bb button_text_color__hover_enabled=\u00bboff\u00bb button_one_text_color__hover_enabled=\u00bboff\u00bb button_two_text_color__hover_enabled=\u00bboff\u00bb button_border_width__hover_enabled=\u00bboff\u00bb button_one_border_width__hover_enabled=\u00bboff\u00bb button_two_border_width__hover_enabled=\u00bboff\u00bb button_border_color__hover_enabled=\u00bboff\u00bb button_one_border_color__hover_enabled=\u00bboff\u00bb button_two_border_color__hover_enabled=\u00bboff\u00bb button_border_radius__hover_enabled=\u00bboff\u00bb button_one_border_radius__hover_enabled=\u00bboff\u00bb button_two_border_radius__hover_enabled=\u00bboff\u00bb button_letter_spacing__hover_enabled=\u00bboff\u00bb button_one_letter_spacing__hover_enabled=\u00bboff\u00bb button_two_letter_spacing__hover_enabled=\u00bboff\u00bb button_bg_color__hover_enabled=\u00bboff\u00bb button_one_bg_color__hover_enabled=\u00bboff\u00bb button_two_bg_color__hover_enabled=\u00bboff\u00bb][\/et_pb_contact_field][\/et_pb_contact_form][\/et_pb_column][et_pb_column type=\u00bb1_2&#8243; _builder_version=\u00bb4.4.8&#8243;][et_pb_image src=\u00bbhttps:\/\/silviabasso.art\/wp-content\/uploads\/2020\/09\/Contactoo-1-scaled.jpg\u00bb title_text=\u00bbContactoo\u00bb _builder_version=\u00bb4.6.0&#8243; max_height=\u00bb60vh\u00bb][\/et_pb_image][\/et_pb_column][\/et_pb_row][\/et_pb_section]<\/p>","protected":false},"excerpt":{"rendered":"<p>El arte es una creaci\u00f3n \u00fanica que nace de una emoci\u00f3n; de un lugar profundo del inconscienteSilvia Basso es una artista pl\u00e1stica nacida en Mendoza, Argentina. Ha participado en m\u00e1s de cincuenta muestras individuales y colectivas. Sus obras se encuentran en colecciones privadas de Argentina, Chile, Uruguay, Espa\u00f1a, Francia, Irlanda y EE.UU.BIOGRAF\u00cdA\u2192CUERPO Y ALMA &nbsp; [&hellip;]<\/p>","protected":false},"author":1,"featured_media":0,"parent":0,"menu_order":0,"comment_status":"closed","ping_status":"closed","template":"","meta":{"_et_pb_use_builder":"on","_et_pb_old_content":"<!-- wp:image {\"id\":19} -->\n<figure class=\"wp-block-image\"><img src=\"https:\/\/silviabasso.art\/wp-content\/uploads\/2019\/07\/logo-negro1.jpg\" alt=\"\" class=\"wp-image-19\"\/><\/figure>\n<!-- \/wp:image -->","_et_gb_content_width":"","footnotes":""},"class_list":["post-40","page","type-page","status-publish","hentry"],"yoast_head":"<!-- This site is optimized with the Yoast SEO plugin v27.4 - https:\/\/yoast.com\/product\/yoast-seo-wordpress\/ -->\n<title>Silvia Basso<\/title>\n<meta name=\"robots\" content=\"index, follow, max-snippet:-1, max-image-preview:large, max-video-preview:-1\" \/>\n<link rel=\"canonical\" href=\"https:\/\/silviabasso.art\/en\/\" \/>\n<meta property=\"og:locale\" content=\"en_GB\" \/>\n<meta property=\"og:type\" content=\"article\" \/>\n<meta property=\"og:title\" content=\"Silvia Basso\" \/>\n<meta property=\"og:description\" content=\"El arte es una creaci\u00f3n \u00fanica que nace de una emoci\u00f3n; de un lugar profundo del inconscienteSilvia Basso es una artista pl\u00e1stica nacida en Mendoza, Argentina. Ha participado en m\u00e1s de cincuenta muestras individuales y colectivas. Sus obras se encuentran en colecciones privadas de Argentina, Chile, Uruguay, Espa\u00f1a, Francia, Irlanda y EE.UU.BIOGRAF\u00cdA\u2192CUERPO Y ALMA &nbsp; [&hellip;]\" \/>\n<meta property=\"og:url\" content=\"https:\/\/silviabasso.art\/en\/\" \/>\n<meta property=\"og:site_name\" content=\"Silvia Basso\" \/>\n<meta property=\"article:modified_time\" content=\"2021-05-11T19:07:00+00:00\" \/>\n<meta name=\"twitter:card\" content=\"summary_large_image\" \/>\n<meta name=\"twitter:label1\" content=\"Estimated reading time\" \/>\n\t<meta name=\"twitter:data1\" content=\"8 minutes\" \/>\n<script type=\"application\/ld+json\" class=\"yoast-schema-graph\">{\"@context\":\"https:\\\/\\\/schema.org\",\"@graph\":[{\"@type\":\"WebPage\",\"@id\":\"https:\\\/\\\/silviabasso.art\\\/\",\"url\":\"https:\\\/\\\/silviabasso.art\\\/\",\"name\":\"Silvia Basso\",\"isPartOf\":{\"@id\":\"https:\\\/\\\/silviabasso.art\\\/#website\"},\"datePublished\":\"2019-07-25T15:08:54+00:00\",\"dateModified\":\"2021-05-11T19:07:00+00:00\",\"breadcrumb\":{\"@id\":\"https:\\\/\\\/silviabasso.art\\\/#breadcrumb\"},\"inLanguage\":\"en-GB\",\"potentialAction\":[{\"@type\":\"ReadAction\",\"target\":[\"https:\\\/\\\/silviabasso.art\\\/\"]}]},{\"@type\":\"BreadcrumbList\",\"@id\":\"https:\\\/\\\/silviabasso.art\\\/#breadcrumb\",\"itemListElement\":[{\"@type\":\"ListItem\",\"position\":1,\"name\":\"Portada\",\"item\":\"https:\\\/\\\/silviabasso.art\\\/\"},{\"@type\":\"ListItem\",\"position\":2,\"name\":\"Home\"}]},{\"@type\":\"WebSite\",\"@id\":\"https:\\\/\\\/silviabasso.art\\\/#website\",\"url\":\"https:\\\/\\\/silviabasso.art\\\/\",\"name\":\"Silvia Basso\",\"description\":\"Arte\",\"potentialAction\":[{\"@type\":\"SearchAction\",\"target\":{\"@type\":\"EntryPoint\",\"urlTemplate\":\"https:\\\/\\\/silviabasso.art\\\/?s={search_term_string}\"},\"query-input\":{\"@type\":\"PropertyValueSpecification\",\"valueRequired\":true,\"valueName\":\"search_term_string\"}}],\"inLanguage\":\"en-GB\"}]}<\/script>\n<!-- \/ Yoast SEO plugin. -->","yoast_head_json":{"title":"Silvia Basso","robots":{"index":"index","follow":"follow","max-snippet":"max-snippet:-1","max-image-preview":"max-image-preview:large","max-video-preview":"max-video-preview:-1"},"canonical":"https:\/\/silviabasso.art\/en\/","og_locale":"en_GB","og_type":"article","og_title":"Silvia Basso","og_description":"El arte es una creaci\u00f3n \u00fanica que nace de una emoci\u00f3n; de un lugar profundo del inconscienteSilvia Basso es una artista pl\u00e1stica nacida en Mendoza, Argentina. Ha participado en m\u00e1s de cincuenta muestras individuales y colectivas. Sus obras se encuentran en colecciones privadas de Argentina, Chile, Uruguay, Espa\u00f1a, Francia, Irlanda y EE.UU.BIOGRAF\u00cdA\u2192CUERPO Y ALMA &nbsp; [&hellip;]","og_url":"https:\/\/silviabasso.art\/en\/","og_site_name":"Silvia Basso","article_modified_time":"2021-05-11T19:07:00+00:00","twitter_card":"summary_large_image","twitter_misc":{"Estimated reading time":"8 minutes"},"schema":{"@context":"https:\/\/schema.org","@graph":[{"@type":"WebPage","@id":"https:\/\/silviabasso.art\/","url":"https:\/\/silviabasso.art\/","name":"Silvia Basso","isPartOf":{"@id":"https:\/\/silviabasso.art\/#website"},"datePublished":"2019-07-25T15:08:54+00:00","dateModified":"2021-05-11T19:07:00+00:00","breadcrumb":{"@id":"https:\/\/silviabasso.art\/#breadcrumb"},"inLanguage":"en-GB","potentialAction":[{"@type":"ReadAction","target":["https:\/\/silviabasso.art\/"]}]},{"@type":"BreadcrumbList","@id":"https:\/\/silviabasso.art\/#breadcrumb","itemListElement":[{"@type":"ListItem","position":1,"name":"Portada","item":"https:\/\/silviabasso.art\/"},{"@type":"ListItem","position":2,"name":"Home"}]},{"@type":"WebSite","@id":"https:\/\/silviabasso.art\/#website","url":"https:\/\/silviabasso.art\/","name":"Silvia Basso","description":"Arte","potentialAction":[{"@type":"SearchAction","target":{"@type":"EntryPoint","urlTemplate":"https:\/\/silviabasso.art\/?s={search_term_string}"},"query-input":{"@type":"PropertyValueSpecification","valueRequired":true,"valueName":"search_term_string"}}],"inLanguage":"en-GB"}]}},"_links":{"self":[{"href":"https:\/\/silviabasso.art\/en\/wp-json\/wp\/v2\/pages\/40","targetHints":{"allow":["GET"]}}],"collection":[{"href":"https:\/\/silviabasso.art\/en\/wp-json\/wp\/v2\/pages"}],"about":[{"href":"https:\/\/silviabasso.art\/en\/wp-json\/wp\/v2\/types\/page"}],"author":[{"embeddable":true,"href":"https:\/\/silviabasso.art\/en\/wp-json\/wp\/v2\/users\/1"}],"replies":[{"embeddable":true,"href":"https:\/\/silviabasso.art\/en\/wp-json\/wp\/v2\/comments?post=40"}],"version-history":[{"count":136,"href":"https:\/\/silviabasso.art\/en\/wp-json\/wp\/v2\/pages\/40\/revisions"}],"predecessor-version":[{"id":1069,"href":"https:\/\/silviabasso.art\/en\/wp-json\/wp\/v2\/pages\/40\/revisions\/1069"}],"wp:attachment":[{"href":"https:\/\/silviabasso.art\/en\/wp-json\/wp\/v2\/media?parent=40"}],"curies":[{"name":"wp","href":"https:\/\/api.w.org\/{rel}","templated":true}]}}