{"id":599,"date":"2020-08-06T17:52:31","date_gmt":"2020-08-06T17:52:31","guid":{"rendered":"https:\/\/silviabasso.art\/?page_id=599"},"modified":"2026-01-29T19:24:46","modified_gmt":"2026-01-29T19:24:46","slug":"bio","status":"publish","type":"page","link":"https:\/\/silviabasso.art\/en\/bio\/","title":{"rendered":"Bio"},"content":{"rendered":"<p>[et_pb_section fb_built=\u00bb1&#8243; _builder_version=\u00bb3.27.3&#8243; background_color=\u00bb#ececec\u00bb][et_pb_row _builder_version=\u00bb3.27.3&#8243;][et_pb_column type=\u00bb4_4&#8243; _builder_version=\u00bb3.27.3&#8243;][et_pb_text _builder_version=\u00bb4.4.8&#8243; text_line_height=\u00bb1.2em\u00bb header_3_font_size=\u00bb30px\u00bb background_color=\u00bb#ececec\u00bb]<\/p>\n<h3 style=\"text-align: center;\">BIO<\/h3>\n<p>[\/et_pb_text][\/et_pb_column][\/et_pb_row][et_pb_row column_structure=\u00bb1_2,1_2&#8243; use_custom_gutter=\u00bbon\u00bb gutter_width=\u00bb1&#8243; make_equal=\u00bbon\u00bb _builder_version=\u00bb4.6.0&#8243;][et_pb_column type=\u00bb1_2&#8243; _builder_version=\u00bb4.4.8&#8243;][et_pb_image src=\u00bbhttps:\/\/silviabasso.art\/wp-content\/uploads\/2020\/09\/biocomp.jpg\u00bb title_text=\u00bbbiocomp\u00bb _builder_version=\u00bb4.6.0&#8243;][\/et_pb_image][et_pb_image src=\u00bbhttps:\/\/silviabasso.art\/wp-content\/uploads\/2020\/09\/bio3.jpg\u00bb title_text=\u00bbbio3&#8243; _builder_version=\u00bb4.6.0&#8243; custom_padding=\u00bb6.2%||||false|false\u00bb][\/et_pb_image][\/et_pb_column][et_pb_column type=\u00bb1_2&#8243; _builder_version=\u00bb4.6.0&#8243; custom_padding_tablet=\u00bb30px||||false|false\u00bb custom_padding_phone=\u00bb\u00bb custom_padding_last_edited=\u00bbon|phone\u00bb custom_css_main_element=\u00bbmargin:auto;\u00bb][et_pb_text _builder_version=\u00bb4.6.5&#8243; text_line_height=\u00bb1.2em\u00bb background_color=\u00bb#ececec\u00bb custom_padding=\u00bb||5.9%|10%|false|false\u00bb hover_enabled=\u00bb0&#8243; sticky_enabled=\u00bb0&#8243;]<\/p>\n<h1><strong>SILVIA BASSO<\/strong><\/h1>\n<p><strong><\/strong><\/p>\n<p><strong><\/strong><\/p>\n<p><strong><\/strong>Born in Mendoza, Argentina, she began her studies in 1997, together with her Master \u00c1ngel Gil, staying in his studio for five years, and today she considers herself self-taught in her painting.<em><br \/> <\/em><\/p>\n<p>The artist has participated in more than fifty individual and collective exhibitions, being selected in October 2005 for the \u201cMega Contemporary Art Exhibition\u201d in Madrid, Spain.<\/p>\n<p>In December 2005 and October 2006, he carried out two individual exhibitions at the \u201cMediadvance Art Gallery\u201d Asturias, Spain.<\/p>\n<p>In November 2008, she was invited to Miami, United States, exhibited at Galer\u00eda Chialma, 13 large-format oil paintings, the show was titled \u201cThe Way From Inside\u201d.<\/p>\n<p>In December 2013 she was invited to the Art Experience Tour, Punta del Este, Uruguay, and in October 2014, she participated in the great art fair, \u201cEl Carrusel del Louvre\u201d, Louvre Museum, Paris.<\/p>\n<p>In October 2015, she was invited by the Concatel company to participate in the \u201cArt, Gastronomy and Technology\u201d exhibition at the Santiago Bernab\u00e9u Stadium, Real Madrid, Spain.<\/p>\n<p>In March 2018, she participated in the Art on Paper fair, together with Galer\u00eda Imaginario, in New York, United States.<\/p>\n<p>Her works are in private collections in Argentina, Chile, Uruguay, Peru, Brazil, Australia, Spain, France, Ireland, USA and Brazil.<\/p>\n<p class=\"translation-block\"><strong>ART CRITIC<\/strong><\/p>\n<p>\u201cSilvia Basso\u2019s work is distinguished by its drive, expressive vigor and chromatic variety. Values \u200b\u200bthat she re-elaborates and personalizes.<\/p>\n<p>She is in love with strong, dense and content-filled matter. She admires both Chagall and P\u00e9rez Celis and along the way, while affirming her artistic personality, she has given Mendoza prestige with her work.<\/p>\n<p>Silvia\u2019s path is a constant inner journey. She proposes that we see ourselves critically in order to improve ourselves, and she does so with a language that uses gestures, spontaneity and a syncopated rhythm, which seduces us at first sight and leaves us in a contemplative state.<\/p>\n<p>In her work there is no leading space, but everything has the same value and each part, precisely, is a function of the whole. For this reason, the protagonist is the painting itself, to which he entrusts himself and surrenders himself as if it were a magical element, which will allow him a good fish in the stormy waters of the subconscious. Thus achieving surfaces that express her intense emotions: those of a sincere, noble artist, who always seeks the roots, the origin and the meaning of life. \u201c<\/p>\n<p><em>Andr\u00e9s C\u00e1ceres &#8211; 2014<\/em><\/p>\n<p>[\/et_pb_text][et_pb_text _builder_version=\u00bb4.6.5&#8243; text_line_height=\u00bb1.2em\u00bb background_color=\u00bb#ececec\u00bb custom_padding=\u00bb|||10%|false|false\u00bb]<\/p>\n<h3>ART SHOWS<\/h3>\n<p>2019 &#8211; Sala de Arte, Bodega Casa Vigil el enemigo, Mendoza, Argentina.<\/p>\n<p>2018 &#8211; Galer\u00eda Imaginario, San Telmo, Buenos Aires, Argentina.<\/p>\n<p>2018 &#8211; \u201cArt on Paper\u201d . Participaci\u00f3n stand Galer\u00eda Imaginario, New York, EEUU.<\/p>\n<p>2017 &#8211; Sala de Arte \u201cEstancia Atamisque\u201d, Tupungato, Mendoza, Argentina.<\/p>\n<p>2016 &#8211; Sala de Arte, Bolsa de Comercio de Mendoza, Mendoza, Argentina.<\/p>\n<p>2015 &#8211; evento \u201cGastronom\u00eda, Arte y Tecnolog\u00eda\u201d, Empresa Concatel, realizado en el estadio \u00abSantiago Bernabeu\u201d, Madrid, Espa\u00f1a.<\/p>\n<p>2014 &#8211; Feria de Arte Carrouselle del Louvre, Paris, Francia.<\/p>\n<p>2013 &#8211; Art Experience Tours, Punta del Este, Uruguay.<\/p>\n<p>2012 &#8211; Art Sale, Puerto Madero, Buenos Aires, Argentina.<\/p>\n<p>2011 &#8211; \u201cMiradas de Vendimia\u201d, homenaje al Maestro \u00c1ngel P\u00e9rez Vega. Sala de Arte, Hotel Diplomatic, Mendoza, Argentina.<\/p>\n<p>2010 &#8211; Sala de Arte Aeropuertos 2000, Tucum\u00e1n, Argentina.<\/p>\n<p>2009 &#8211; Sala de Arte Aeropuertos 2000, Mendoza, Argentina.<\/p>\n<p>2008 &#8211; Galer\u00eda Chialma, participaci\u00f3n en Art Basel, Miami, EEUU.<\/p>\n<p>2007 &#8211; Vendimia para Todos, proyecto intervenci\u00f3n tachos de cosecha. Cultural victoria. Mendoza, Argentina.<\/p>\n<p>2006 &#8211; Exposici\u00f3n en Auditorio Adolfo Calle. Diario Los Andes, Mendoza, Argentina.<\/p>\n<p>2005 &#8211; Muestra de Arte Contempor\u00e1neo, \u201cColegio Mayor Argentino\u201d, Madrid, Espa\u00f1a.<\/p>\n<p>Exposici\u00f3n en Galer\u00eda Mediadvance, Gij\u00f3n, Asturias, Espa\u00f1a.<\/p>\n<p>2004 &#8211; Feria de Arte, \u201cPuro Arte\u201d, en MMAM, Mendoza, Argentina.<\/p>\n<p>[\/et_pb_text][\/et_pb_column][\/et_pb_row][\/et_pb_section]<\/p>","protected":false},"excerpt":{"rendered":"<p>BIOSILVIA BASSO Nacida en Mendoza, Argentina, comienza sus estudios en 1997, junto a su Maestro \u00c1ngel Gil, permaneciendo en su estudio durante cinco a\u00f1os, y consider\u00e1ndose hoy autodidacta en su pintura. La artista ha participado en m\u00e1s de cincuenta muestras individuales y colectivas, siendo seleccionada en octubre de 2005 a la \u201cMega exposici\u00f3n de Arte [&hellip;]<\/p>","protected":false},"author":1,"featured_media":0,"parent":0,"menu_order":0,"comment_status":"closed","ping_status":"closed","template":"","meta":{"_et_pb_use_builder":"on","_et_pb_old_content":"","_et_gb_content_width":"","footnotes":""},"class_list":["post-599","page","type-page","status-publish","hentry"],"yoast_head":"<!-- This site is optimized with the Yoast SEO plugin v27.4 - https:\/\/yoast.com\/product\/yoast-seo-wordpress\/ -->\n<title>Bio - Silvia Basso<\/title>\n<meta name=\"robots\" content=\"index, follow, max-snippet:-1, max-image-preview:large, max-video-preview:-1\" \/>\n<link rel=\"canonical\" href=\"https:\/\/silviabasso.art\/en\/bio\/\" \/>\n<meta property=\"og:locale\" content=\"en_GB\" \/>\n<meta property=\"og:type\" content=\"article\" \/>\n<meta property=\"og:title\" content=\"Bio - Silvia Basso\" \/>\n<meta property=\"og:description\" content=\"BIOSILVIA BASSO Nacida en Mendoza, Argentina, comienza sus estudios en 1997, junto a su Maestro \u00c1ngel Gil, permaneciendo en su estudio durante cinco a\u00f1os, y consider\u00e1ndose hoy autodidacta en su pintura. La artista ha participado en m\u00e1s de cincuenta muestras individuales y colectivas, siendo seleccionada en octubre de 2005 a la \u201cMega exposici\u00f3n de Arte [&hellip;]\" \/>\n<meta property=\"og:url\" content=\"https:\/\/silviabasso.art\/en\/bio\/\" \/>\n<meta property=\"og:site_name\" content=\"Silvia Basso\" \/>\n<meta property=\"article:modified_time\" content=\"2026-01-29T19:24:46+00:00\" \/>\n<meta name=\"twitter:card\" content=\"summary_large_image\" \/>\n<meta name=\"twitter:label1\" content=\"Estimated reading time\" \/>\n\t<meta name=\"twitter:data1\" content=\"4 minutes\" \/>\n<script type=\"application\/ld+json\" class=\"yoast-schema-graph\">{\"@context\":\"https:\\\/\\\/schema.org\",\"@graph\":[{\"@type\":\"WebPage\",\"@id\":\"https:\\\/\\\/silviabasso.art\\\/bio\\\/\",\"url\":\"https:\\\/\\\/silviabasso.art\\\/bio\\\/\",\"name\":\"Bio - Silvia Basso\",\"isPartOf\":{\"@id\":\"https:\\\/\\\/silviabasso.art\\\/#website\"},\"datePublished\":\"2020-08-06T17:52:31+00:00\",\"dateModified\":\"2026-01-29T19:24:46+00:00\",\"breadcrumb\":{\"@id\":\"https:\\\/\\\/silviabasso.art\\\/bio\\\/#breadcrumb\"},\"inLanguage\":\"en-GB\",\"potentialAction\":[{\"@type\":\"ReadAction\",\"target\":[\"https:\\\/\\\/silviabasso.art\\\/bio\\\/\"]}]},{\"@type\":\"BreadcrumbList\",\"@id\":\"https:\\\/\\\/silviabasso.art\\\/bio\\\/#breadcrumb\",\"itemListElement\":[{\"@type\":\"ListItem\",\"position\":1,\"name\":\"Portada\",\"item\":\"https:\\\/\\\/silviabasso.art\\\/\"},{\"@type\":\"ListItem\",\"position\":2,\"name\":\"Bio\"}]},{\"@type\":\"WebSite\",\"@id\":\"https:\\\/\\\/silviabasso.art\\\/#website\",\"url\":\"https:\\\/\\\/silviabasso.art\\\/\",\"name\":\"Silvia Basso\",\"description\":\"Arte\",\"potentialAction\":[{\"@type\":\"SearchAction\",\"target\":{\"@type\":\"EntryPoint\",\"urlTemplate\":\"https:\\\/\\\/silviabasso.art\\\/?s={search_term_string}\"},\"query-input\":{\"@type\":\"PropertyValueSpecification\",\"valueRequired\":true,\"valueName\":\"search_term_string\"}}],\"inLanguage\":\"en-GB\"}]}<\/script>\n<!-- \/ Yoast SEO plugin. -->","yoast_head_json":{"title":"Bio - Silvia Basso","robots":{"index":"index","follow":"follow","max-snippet":"max-snippet:-1","max-image-preview":"max-image-preview:large","max-video-preview":"max-video-preview:-1"},"canonical":"https:\/\/silviabasso.art\/en\/bio\/","og_locale":"en_GB","og_type":"article","og_title":"Bio - Silvia Basso","og_description":"BIOSILVIA BASSO Nacida en Mendoza, Argentina, comienza sus estudios en 1997, junto a su Maestro \u00c1ngel Gil, permaneciendo en su estudio durante cinco a\u00f1os, y consider\u00e1ndose hoy autodidacta en su pintura. La artista ha participado en m\u00e1s de cincuenta muestras individuales y colectivas, siendo seleccionada en octubre de 2005 a la \u201cMega exposici\u00f3n de Arte [&hellip;]","og_url":"https:\/\/silviabasso.art\/en\/bio\/","og_site_name":"Silvia Basso","article_modified_time":"2026-01-29T19:24:46+00:00","twitter_card":"summary_large_image","twitter_misc":{"Estimated reading time":"4 minutes"},"schema":{"@context":"https:\/\/schema.org","@graph":[{"@type":"WebPage","@id":"https:\/\/silviabasso.art\/bio\/","url":"https:\/\/silviabasso.art\/bio\/","name":"Bio - Silvia Basso","isPartOf":{"@id":"https:\/\/silviabasso.art\/#website"},"datePublished":"2020-08-06T17:52:31+00:00","dateModified":"2026-01-29T19:24:46+00:00","breadcrumb":{"@id":"https:\/\/silviabasso.art\/bio\/#breadcrumb"},"inLanguage":"en-GB","potentialAction":[{"@type":"ReadAction","target":["https:\/\/silviabasso.art\/bio\/"]}]},{"@type":"BreadcrumbList","@id":"https:\/\/silviabasso.art\/bio\/#breadcrumb","itemListElement":[{"@type":"ListItem","position":1,"name":"Portada","item":"https:\/\/silviabasso.art\/"},{"@type":"ListItem","position":2,"name":"Bio"}]},{"@type":"WebSite","@id":"https:\/\/silviabasso.art\/#website","url":"https:\/\/silviabasso.art\/","name":"Silvia Basso","description":"Arte","potentialAction":[{"@type":"SearchAction","target":{"@type":"EntryPoint","urlTemplate":"https:\/\/silviabasso.art\/?s={search_term_string}"},"query-input":{"@type":"PropertyValueSpecification","valueRequired":true,"valueName":"search_term_string"}}],"inLanguage":"en-GB"}]}},"_links":{"self":[{"href":"https:\/\/silviabasso.art\/en\/wp-json\/wp\/v2\/pages\/599","targetHints":{"allow":["GET"]}}],"collection":[{"href":"https:\/\/silviabasso.art\/en\/wp-json\/wp\/v2\/pages"}],"about":[{"href":"https:\/\/silviabasso.art\/en\/wp-json\/wp\/v2\/types\/page"}],"author":[{"embeddable":true,"href":"https:\/\/silviabasso.art\/en\/wp-json\/wp\/v2\/users\/1"}],"replies":[{"embeddable":true,"href":"https:\/\/silviabasso.art\/en\/wp-json\/wp\/v2\/comments?post=599"}],"version-history":[{"count":10,"href":"https:\/\/silviabasso.art\/en\/wp-json\/wp\/v2\/pages\/599\/revisions"}],"predecessor-version":[{"id":1078,"href":"https:\/\/silviabasso.art\/en\/wp-json\/wp\/v2\/pages\/599\/revisions\/1078"}],"wp:attachment":[{"href":"https:\/\/silviabasso.art\/en\/wp-json\/wp\/v2\/media?parent=599"}],"curies":[{"name":"wp","href":"https:\/\/api.w.org\/{rel}","templated":true}]}}