{"id":606,"date":"2020-08-06T18:03:10","date_gmt":"2020-08-06T18:03:10","guid":{"rendered":"https:\/\/silviabasso.art\/?page_id=606"},"modified":"2026-01-29T19:24:09","modified_gmt":"2026-01-29T19:24:09","slug":"prensa","status":"publish","type":"page","link":"https:\/\/silviabasso.art\/en\/prensa\/","title":{"rendered":"Prensa"},"content":{"rendered":"<p>[et_pb_section fb_built=\u00bb1&#8243; _builder_version=\u00bb3.27.3&#8243; background_color=\u00bb#ececec\u00bb][et_pb_row _builder_version=\u00bb3.27.3&#8243;][et_pb_column type=\u00bb4_4&#8243; _builder_version=\u00bb3.27.3&#8243;][et_pb_text _builder_version=\u00bb4.4.8&#8243; text_line_height=\u00bb1.2em\u00bb header_3_font_size=\u00bb30px\u00bb background_color=\u00bb#ececec\u00bb]<\/p>\n<h3 style=\"text-align: center;\">PRESS<\/h3>\n<p>[\/et_pb_text][\/et_pb_column][\/et_pb_row][et_pb_row column_structure=\u00bb1_2,1_2&#8243; use_custom_gutter=\u00bbon\u00bb gutter_width=\u00bb1&#8243; make_equal=\u00bbon\u00bb _builder_version=\u00bb4.6.0&#8243; hover_enabled=\u00bb0&#8243; sticky_enabled=\u00bb0&#8243;][et_pb_column type=\u00bb1_2&#8243; _builder_version=\u00bb4.4.8&#8243;][et_pb_image src=\u00bbhttps:\/\/silviabasso.art\/wp-content\/uploads\/2020\/09\/prensaa.jpg\u00bb title_text=\u00bbprensaa\u00bb _builder_version=\u00bb4.6.0&#8243;][\/et_pb_image][\/et_pb_column][et_pb_column type=\u00bb1_2&#8243; _builder_version=\u00bb4.6.0&#8243; hover_enabled=\u00bb0&#8243; custom_css_main_element=\u00bbmargin:auto;\u00bb custom_padding_last_edited=\u00bbon|tablet\u00bb custom_padding_phone=\u00bb30px||||false|false\u00bb sticky_enabled=\u00bb0&#8243; custom_padding_tablet=\u00bb30px||||false|false\u00bb][et_pb_text _builder_version=\u00bb4.6.0&#8243; text_line_height=\u00bb1.2em\u00bb background_color=\u00bb#ececec\u00bb custom_padding=\u00bb||2.5%|10%|false|false\u00bb]<\/p>\n<h3><a href=\"https:\/\/www.diariouno.com.ar\/sociales\/solidaridad-la-mejor-subasta-de-arte-07262018_rk_sXrvD4Q\" target=\"_blank\" rel=\"noopener noreferrer\">Arte solidario: la mejor subasta de arte<\/a><\/h3>\n<h5><span style=\"color: #999999;\">Diario UNO<\/span><\/h5>\n<p>[\/et_pb_text][et_pb_text _builder_version=\u00bb4.6.0&#8243; text_line_height=\u00bb1.2em\u00bb background_color=\u00bb#ececec\u00bb custom_padding=\u00bb||2.5%|10%|false|false\u00bb]<\/p>\n<h3><a href=\"https:\/\/www.losandes.com.ar\/foto-360-silvia-basso-artista-plastica\/\" target=\"_blank\" rel=\"noopener noreferrer\">Foto 360: Silvia Basso, art\u00edstica pl\u00e1stica<\/a><\/h3>\n<h5><span style=\"color: #999999;\">Diario Los Andes<\/span><\/h5>\n<p>[\/et_pb_text][et_pb_text _builder_version=\u00bb4.6.0&#8243; text_line_height=\u00bb1.2em\u00bb background_color=\u00bb#ececec\u00bb custom_padding=\u00bb||2.5%|10%|false|false\u00bb]<\/p>\n<h3><a href=\"https:\/\/www.mdzol.com\/sociedad\/2019\/5\/9\/mdzarte-silvia-basso-manchas-lineas-sin-tierra-ni-aire-ni-espacio-27228.html\" target=\"_blank\" rel=\"noopener noreferrer\">Silvia Basso, manchas y l\u00edneas sin tierra, ni aire, ni espacio<\/a><\/h3>\n<h5><span style=\"color: #999999;\">Diario MDZ Online<\/span><\/h5>\n<p>[\/et_pb_text][et_pb_text _builder_version=\u00bb4.6.0&#8243; text_line_height=\u00bb1.2em\u00bb background_color=\u00bb#ececec\u00bb custom_padding=\u00bb||2.5%|10%|false|false\u00bb]<\/p>\n<h3><a href=\"https:\/\/www.mendozachic.com\/contenidos\/noticias\/la-artista-silvia-basso-protagonista-de-un-exclusivo-meet-an\/\" target=\"_blank\" rel=\"noopener noreferrer\">Silvia Basso en el \u00abMeet &amp; Greet\u00bb en Trivento<\/a><\/h3>\n<h5><span style=\"color: #999999;\">Mendoza Chic<\/span><\/h5>\n<p>[\/et_pb_text][et_pb_text _builder_version=\u00bb4.6.0&#8243; text_line_height=\u00bb1.2em\u00bb background_color=\u00bb#ececec\u00bb custom_padding=\u00bb||2.5%|10%|false|false\u00bb]<\/p>\n<h3><a href=\"https:\/\/www.diariouno.com.ar\/sociales\/arte-fiesta-aliadas-enemigo-07152019_HyDttG5-S\" target=\"_blank\" rel=\"noopener noreferrer\">El arte esta de fiesta con las aliadas del enemigo<\/a><\/h3>\n<h5><span style=\"color: #999999;\">Diario UNO<\/span><\/h5>\n<p>[\/et_pb_text][\/et_pb_column][\/et_pb_row][\/et_pb_section]<\/p>","protected":false},"excerpt":{"rendered":"<p>PRENSAArte solidario: la mejor subasta de arte Diario UNOFoto 360: Silvia Basso, art\u00edstica pl\u00e1stica Diario Los AndesSilvia Basso, manchas y l\u00edneas sin tierra, ni aire, ni espacio Diario MDZ OnlineSilvia Basso en el \u00abMeet &amp; Greet\u00bb en Trivento Mendoza ChicEl arte esta de fiesta con las aliadas del enemigo Diario UNO<\/p>","protected":false},"author":1,"featured_media":0,"parent":0,"menu_order":0,"comment_status":"closed","ping_status":"closed","template":"","meta":{"_et_pb_use_builder":"on","_et_pb_old_content":"","_et_gb_content_width":"","footnotes":""},"class_list":["post-606","page","type-page","status-publish","hentry"],"yoast_head":"<!-- This site is optimized with the Yoast SEO plugin v27.4 - https:\/\/yoast.com\/product\/yoast-seo-wordpress\/ -->\n<title>Prensa - Silvia Basso<\/title>\n<meta name=\"robots\" content=\"index, follow, max-snippet:-1, max-image-preview:large, max-video-preview:-1\" \/>\n<link rel=\"canonical\" href=\"https:\/\/silviabasso.art\/en\/prensa\/\" \/>\n<meta property=\"og:locale\" content=\"en_GB\" \/>\n<meta property=\"og:type\" content=\"article\" \/>\n<meta property=\"og:title\" content=\"Prensa - Silvia Basso\" \/>\n<meta property=\"og:description\" content=\"PRENSAArte solidario: la mejor subasta de arte Diario UNOFoto 360: Silvia Basso, art\u00edstica pl\u00e1stica Diario Los AndesSilvia Basso, manchas y l\u00edneas sin tierra, ni aire, ni espacio Diario MDZ OnlineSilvia Basso en el &quot;Meet &amp; Greet&quot; en Trivento Mendoza ChicEl arte esta de fiesta con las aliadas del enemigo Diario UNO\" \/>\n<meta property=\"og:url\" content=\"https:\/\/silviabasso.art\/en\/prensa\/\" \/>\n<meta property=\"og:site_name\" content=\"Silvia Basso\" \/>\n<meta property=\"article:modified_time\" content=\"2026-01-29T19:24:09+00:00\" \/>\n<meta name=\"twitter:card\" content=\"summary_large_image\" \/>\n<meta name=\"twitter:label1\" content=\"Estimated reading time\" \/>\n\t<meta name=\"twitter:data1\" content=\"1 minute\" \/>\n<script type=\"application\/ld+json\" class=\"yoast-schema-graph\">{\"@context\":\"https:\\\/\\\/schema.org\",\"@graph\":[{\"@type\":\"WebPage\",\"@id\":\"https:\\\/\\\/silviabasso.art\\\/prensa\\\/\",\"url\":\"https:\\\/\\\/silviabasso.art\\\/prensa\\\/\",\"name\":\"Prensa - Silvia Basso\",\"isPartOf\":{\"@id\":\"https:\\\/\\\/silviabasso.art\\\/#website\"},\"datePublished\":\"2020-08-06T18:03:10+00:00\",\"dateModified\":\"2026-01-29T19:24:09+00:00\",\"breadcrumb\":{\"@id\":\"https:\\\/\\\/silviabasso.art\\\/prensa\\\/#breadcrumb\"},\"inLanguage\":\"en-GB\",\"potentialAction\":[{\"@type\":\"ReadAction\",\"target\":[\"https:\\\/\\\/silviabasso.art\\\/prensa\\\/\"]}]},{\"@type\":\"BreadcrumbList\",\"@id\":\"https:\\\/\\\/silviabasso.art\\\/prensa\\\/#breadcrumb\",\"itemListElement\":[{\"@type\":\"ListItem\",\"position\":1,\"name\":\"Portada\",\"item\":\"https:\\\/\\\/silviabasso.art\\\/\"},{\"@type\":\"ListItem\",\"position\":2,\"name\":\"Prensa\"}]},{\"@type\":\"WebSite\",\"@id\":\"https:\\\/\\\/silviabasso.art\\\/#website\",\"url\":\"https:\\\/\\\/silviabasso.art\\\/\",\"name\":\"Silvia Basso\",\"description\":\"Arte\",\"potentialAction\":[{\"@type\":\"SearchAction\",\"target\":{\"@type\":\"EntryPoint\",\"urlTemplate\":\"https:\\\/\\\/silviabasso.art\\\/?s={search_term_string}\"},\"query-input\":{\"@type\":\"PropertyValueSpecification\",\"valueRequired\":true,\"valueName\":\"search_term_string\"}}],\"inLanguage\":\"en-GB\"}]}<\/script>\n<!-- \/ Yoast SEO plugin. -->","yoast_head_json":{"title":"Prensa - Silvia Basso","robots":{"index":"index","follow":"follow","max-snippet":"max-snippet:-1","max-image-preview":"max-image-preview:large","max-video-preview":"max-video-preview:-1"},"canonical":"https:\/\/silviabasso.art\/en\/prensa\/","og_locale":"en_GB","og_type":"article","og_title":"Prensa - Silvia Basso","og_description":"PRENSAArte solidario: la mejor subasta de arte Diario UNOFoto 360: Silvia Basso, art\u00edstica pl\u00e1stica Diario Los AndesSilvia Basso, manchas y l\u00edneas sin tierra, ni aire, ni espacio Diario MDZ OnlineSilvia Basso en el \"Meet &amp; Greet\" en Trivento Mendoza ChicEl arte esta de fiesta con las aliadas del enemigo Diario UNO","og_url":"https:\/\/silviabasso.art\/en\/prensa\/","og_site_name":"Silvia Basso","article_modified_time":"2026-01-29T19:24:09+00:00","twitter_card":"summary_large_image","twitter_misc":{"Estimated reading time":"1 minute"},"schema":{"@context":"https:\/\/schema.org","@graph":[{"@type":"WebPage","@id":"https:\/\/silviabasso.art\/prensa\/","url":"https:\/\/silviabasso.art\/prensa\/","name":"Prensa - Silvia Basso","isPartOf":{"@id":"https:\/\/silviabasso.art\/#website"},"datePublished":"2020-08-06T18:03:10+00:00","dateModified":"2026-01-29T19:24:09+00:00","breadcrumb":{"@id":"https:\/\/silviabasso.art\/prensa\/#breadcrumb"},"inLanguage":"en-GB","potentialAction":[{"@type":"ReadAction","target":["https:\/\/silviabasso.art\/prensa\/"]}]},{"@type":"BreadcrumbList","@id":"https:\/\/silviabasso.art\/prensa\/#breadcrumb","itemListElement":[{"@type":"ListItem","position":1,"name":"Portada","item":"https:\/\/silviabasso.art\/"},{"@type":"ListItem","position":2,"name":"Prensa"}]},{"@type":"WebSite","@id":"https:\/\/silviabasso.art\/#website","url":"https:\/\/silviabasso.art\/","name":"Silvia Basso","description":"Arte","potentialAction":[{"@type":"SearchAction","target":{"@type":"EntryPoint","urlTemplate":"https:\/\/silviabasso.art\/?s={search_term_string}"},"query-input":{"@type":"PropertyValueSpecification","valueRequired":true,"valueName":"search_term_string"}}],"inLanguage":"en-GB"}]}},"_links":{"self":[{"href":"https:\/\/silviabasso.art\/en\/wp-json\/wp\/v2\/pages\/606","targetHints":{"allow":["GET"]}}],"collection":[{"href":"https:\/\/silviabasso.art\/en\/wp-json\/wp\/v2\/pages"}],"about":[{"href":"https:\/\/silviabasso.art\/en\/wp-json\/wp\/v2\/types\/page"}],"author":[{"embeddable":true,"href":"https:\/\/silviabasso.art\/en\/wp-json\/wp\/v2\/users\/1"}],"replies":[{"embeddable":true,"href":"https:\/\/silviabasso.art\/en\/wp-json\/wp\/v2\/comments?post=606"}],"version-history":[{"count":7,"href":"https:\/\/silviabasso.art\/en\/wp-json\/wp\/v2\/pages\/606\/revisions"}],"predecessor-version":[{"id":1075,"href":"https:\/\/silviabasso.art\/en\/wp-json\/wp\/v2\/pages\/606\/revisions\/1075"}],"wp:attachment":[{"href":"https:\/\/silviabasso.art\/en\/wp-json\/wp\/v2\/media?parent=606"}],"curies":[{"name":"wp","href":"https:\/\/api.w.org\/{rel}","templated":true}]}}