{"id":797,"date":"2020-09-11T15:24:50","date_gmt":"2020-09-11T15:24:50","guid":{"rendered":"https:\/\/silviabasso.art\/?page_id=797"},"modified":"2020-09-28T15:20:54","modified_gmt":"2020-09-28T15:20:54","slug":"inconsciente","status":"publish","type":"page","link":"https:\/\/silviabasso.art\/en\/inconsciente\/","title":{"rendered":"Inconsciente"},"content":{"rendered":"<p>[et_pb_section fb_built=\u00bb1&#8243; make_equal=\u00bbon\u00bb specialty=\u00bbon\u00bb module_id=\u00bbmenu\u00bb _builder_version=\u00bb4.6.0&#8243; _module_preset=\u00bbdefault\u00bb background_color=\u00bb#ececec\u00bb width=\u00bb100%\u00bb module_alignment=\u00bbcenter\u00bb inner_width_tablet=\u00bb80%\u00bb inner_width_phone=\u00bb90%\u00bb inner_width_last_edited=\u00bbon|tablet\u00bb inner_max_width=\u00bb100%\u00bb custom_padding=\u00bb0px||\u00bb][et_pb_column type=\u00bb2_3&#8243; specialty_columns=\u00bb2&#8243; _builder_version=\u00bb3.25&#8243; custom_padding=\u00bb|||\u00bb custom_padding__hover=\u00bb|||\u00bb][et_pb_row_inner _builder_version=\u00bb4.6.0&#8243; _module_preset=\u00bbdefault\u00bb width_tablet=\u00bb\u00bb width_phone=\u00bb100%\u00bb width_last_edited=\u00bbon|phone\u00bb max_width_tablet=\u00bb\u00bb max_width_phone=\u00bb100%\u00bb max_width_last_edited=\u00bbon|phone\u00bb custom_margin=\u00bb|0px||0px|false|true\u00bb custom_padding=\u00bb|0px||0px|false|true\u00bb][et_pb_column_inner saved_specialty_column_type=\u00bb2_3&#8243; _builder_version=\u00bb4.6.0&#8243; _module_preset=\u00bbdefault\u00bb custom_padding=\u00bb|0px||0px|false|true\u00bb][et_pb_image src=\u00bbhttps:\/\/silviabasso.art\/wp-content\/uploads\/2020\/09\/inconsciente-1.jpg\u00bb title_text=\u00bbinconsciente 1&#8243; _builder_version=\u00bb4.6.0&#8243; _module_preset=\u00bbdefault\u00bb custom_margin=\u00bb||20px||false|false\u00bb][\/et_pb_image][et_pb_text _builder_version=\u00bb4.6.0&#8243; _module_preset=\u00bbdefault\u00bb custom_margin=\u00bb0px||40px||false|false\u00bb hover_enabled=\u00bb0&#8243; sticky_enabled=\u00bb0&#8243;]<\/p>\n<p><b>Inconsciente\u00a0<\/b>|\u00a0<span>O<\/span>il on canvas |\u00a0<strong>180 x1 00cm<\/strong><\/p>\n<p>[\/et_pb_text][et_pb_image src=\u00bbhttps:\/\/silviabasso.art\/wp-content\/uploads\/2020\/09\/inconsciente-2.jpg\u00bb title_text=\u00bbinconsciente 2&#8243; _builder_version=\u00bb4.6.0&#8243; _module_preset=\u00bbdefault\u00bb custom_margin=\u00bb||20px||false|false\u00bb][\/et_pb_image][et_pb_text _builder_version=\u00bb4.6.0&#8243; _module_preset=\u00bbdefault\u00bb custom_margin=\u00bb0px||40px||false|false\u00bb hover_enabled=\u00bb0&#8243; sticky_enabled=\u00bb0&#8243;]<\/p>\n<p><strong>Horizonte<\/strong> | Acrylic on canvas |\u00a0<strong>140 x 80cm<\/strong><\/p>\n<p>[\/et_pb_text][et_pb_image src=\u00bbhttps:\/\/silviabasso.art\/wp-content\/uploads\/2020\/09\/inconsciente-3.jpg\u00bb title_text=\u00bbinconsciente 3&#8243; _builder_version=\u00bb4.6.0&#8243; _module_preset=\u00bbdefault\u00bb custom_margin=\u00bb||20px||false|false\u00bb][\/et_pb_image][et_pb_text _builder_version=\u00bb4.6.0&#8243; _module_preset=\u00bbdefault\u00bb custom_margin=\u00bb0px||40px||false|false\u00bb hover_enabled=\u00bb0&#8243; sticky_enabled=\u00bb0&#8243;]<\/p>\n<p><strong>Iluminaci\u00f3n<\/strong>\u00a0| Acrylic on canvas |\u00a0<strong>140 x 80cm<\/strong><\/p>\n<p>[\/et_pb_text][et_pb_image src=\u00bbhttps:\/\/silviabasso.art\/wp-content\/uploads\/2020\/09\/inconsciente-4.jpg\u00bb title_text=\u00bbinconsciente 4&#8243; align=\u00bbcenter\u00bb _builder_version=\u00bb4.6.0&#8243; _module_preset=\u00bbdefault\u00bb custom_margin=\u00bb||20px||false|false\u00bb][\/et_pb_image][et_pb_text _builder_version=\u00bb4.6.0&#8243; _module_preset=\u00bbdefault\u00bb custom_margin=\u00bb0px||40px||false|false\u00bb hover_enabled=\u00bb0&#8243; sticky_enabled=\u00bb0&#8243;]<\/p>\n<p><strong>Mil razones<\/strong>\u00a0|\u00a0<span>O<\/span>il on canvas |\u00a0<strong>100 x 100cm<\/strong><\/p>\n<p>[\/et_pb_text][\/et_pb_column_inner][\/et_pb_row_inner][\/et_pb_column][et_pb_column type=\u00bb1_3&#8243; _builder_version=\u00bb3.25&#8243; custom_padding=\u00bb|||\u00bb custom_padding__hover=\u00bb|||\u00bb][et_pb_text module_class=\u00bbmenuFlotante flotante\u00bb _builder_version=\u00bb4.6.0&#8243; _module_preset=\u00bbdefault\u00bb header_2_font=\u00bb||||||||\u00bb header_3_font_size=\u00bb30px\u00bb]<\/p>\n<h3>INCONSCIENTE<\/h3>\n<p class=\"translation-block\">As within, so without.<br>All that is felt, is acted upon.<br>The whole is completeness.<\/p>\n<p>[\/et_pb_text][\/et_pb_column][\/et_pb_section][et_pb_section fb_built=\u00bb1&#8243; _builder_version=\u00bb4.6.0&#8243; _module_preset=\u00bbdefault\u00bb background_color=\u00bb#ececec\u00bb saved_tabs=\u00bball\u00bb][et_pb_row _builder_version=\u00bb4.6.0&#8243; _module_preset=\u00bbdefault\u00bb][et_pb_column type=\u00bb4_4&#8243; _builder_version=\u00bb4.6.0&#8243; _module_preset=\u00bbdefault\u00bb][et_pb_text _builder_version=\u00bb4.6.0&#8243; _module_preset=\u00bbdefault\u00bb header_3_font=\u00bbMukta|300|||||||\u00bb header_3_text_align=\u00bbcenter\u00bb header_3_font_size=\u00bb35px\u00bb header_3_letter_spacing=\u00bb1px\u00bb]<\/p>\n<h3>RELATED SERIES<\/h3>\n<p>[\/et_pb_text][\/et_pb_column][\/et_pb_row][et_pb_row column_structure=\u00bb1_3,1_3,1_3&#8243; _builder_version=\u00bb4.6.0&#8243; _module_preset=\u00bbdefault\u00bb][et_pb_column type=\u00bb1_3&#8243; _builder_version=\u00bb4.6.0&#8243; _module_preset=\u00bbdefault\u00bb][et_pb_image src=\u00bbhttps:\/\/silviabasso.art\/wp-content\/uploads\/2020\/09\/Cuaerpo-y-alma-portada.jpg\u00bb title_text=\u00bbCuaerpo-y-alma-portada\u00bb url=\u00bbhttps:\/\/silviabasso.art\/cuerpo-y-alma\/\u00bb _builder_version=\u00bb4.6.0&#8243; _module_preset=\u00bbdefault\u00bb][\/et_pb_image][et_pb_text _builder_version=\u00bb4.6.0&#8243; _module_preset=\u00bbdefault\u00bb]<\/p>\n<h3 style=\"text-align: center;\"><a href=\"https:\/\/silviabasso.art\/en\/cuerpo-y-alma\/\"><strong>CUERPO Y ALMA<\/strong><\/a><\/h3>\n<p>[\/et_pb_text][\/et_pb_column][et_pb_column type=\u00bb1_3&#8243; _builder_version=\u00bb4.6.0&#8243; _module_preset=\u00bbdefault\u00bb][et_pb_image src=\u00bbhttps:\/\/silviabasso.art\/wp-content\/uploads\/2020\/09\/Portada-sinrazon-de-la-razon.jpg\u00bb title_text=\u00bbPortada-sinrazon-de-la-razon\u00bb url=\u00bbhttps:\/\/silviabasso.art\/la-sinrazon-de-la-razon\/\u00bb _builder_version=\u00bb4.6.0&#8243; _module_preset=\u00bbdefault\u00bb][\/et_pb_image][et_pb_text _builder_version=\u00bb4.6.0&#8243; _module_preset=\u00bbdefault\u00bb]<\/p>\n<h3 style=\"text-align: center;\"><strong><a href=\"https:\/\/silviabasso.art\/en\/la-sinrazon-de-la-razon\/\">LA SINRAZ\u00d3N DE LA RAZ\u00d3N<\/a><\/strong><\/h3>\n<p>[\/et_pb_text][\/et_pb_column][et_pb_column type=\u00bb1_3&#8243; _builder_version=\u00bb4.6.0&#8243; _module_preset=\u00bbdefault\u00bb][et_pb_image src=\u00bbhttps:\/\/silviabasso.art\/wp-content\/uploads\/2020\/09\/un-viaje-portada.jpg\u00bb title_text=\u00bbun-viaje-portada\u00bb url=\u00bbhttps:\/\/silviabasso.art\/inconsciente\/\u00bb _builder_version=\u00bb4.6.0&#8243; _module_preset=\u00bbdefault\u00bb][\/et_pb_image][et_pb_text _builder_version=\u00bb4.6.0&#8243; _module_preset=\u00bbdefault\u00bb]<\/p>\n<h3 style=\"text-align: center;\"><strong><a href=\"https:\/\/silviabasso.art\/en\/un-viaje-de-los-sentidos-2\/\">UN VIAJE DE LOS SENTIDOS<\/a><\/strong><\/h3>\n<p>[\/et_pb_text][\/et_pb_column][\/et_pb_row][\/et_pb_section]<\/p>","protected":false},"excerpt":{"rendered":"<p>Inconsciente\u00a0|\u00a0\u00d3leo sobre tela |\u00a0180 x1 00cm Horizonte | Acr\u00edlico\u00a0sobre tela |\u00a0140 x 80cm Iluminaci\u00f3n\u00a0| Acr\u00edlico\u00a0sobre tela |\u00a0140 x 80cm Mil razones\u00a0|\u00a0\u00d3leo sobre tela |\u00a0100 x 100cm INCONSCIENTE Todo lo que es adentro, es afuera.Todo lo que se siente, se act\u00faa.El todo es completud.SERIES RELACIONADASCUERPO Y ALMALA SINRAZ\u00d3N DE LA RAZ\u00d3NUN VIAJE DE LOS SENTIDOS<\/p>","protected":false},"author":1,"featured_media":799,"parent":0,"menu_order":0,"comment_status":"closed","ping_status":"closed","template":"","meta":{"_et_pb_use_builder":"on","_et_pb_old_content":"","_et_gb_content_width":"","footnotes":""},"class_list":["post-797","page","type-page","status-publish","has-post-thumbnail","hentry"],"yoast_head":"<!-- This site is optimized with the Yoast SEO plugin v27.4 - https:\/\/yoast.com\/product\/yoast-seo-wordpress\/ -->\n<title>Inconsciente - Silvia Basso<\/title>\n<meta name=\"robots\" content=\"index, follow, max-snippet:-1, max-image-preview:large, max-video-preview:-1\" \/>\n<link rel=\"canonical\" href=\"https:\/\/silviabasso.art\/en\/inconsciente\/\" \/>\n<meta property=\"og:locale\" content=\"en_GB\" \/>\n<meta property=\"og:type\" content=\"article\" \/>\n<meta property=\"og:title\" content=\"Inconsciente - Silvia Basso\" \/>\n<meta property=\"og:description\" content=\"Inconsciente\u00a0|\u00a0\u00d3leo sobre tela |\u00a0180 x1 00cm Horizonte | Acr\u00edlico\u00a0sobre tela |\u00a0140 x 80cm Iluminaci\u00f3n\u00a0| Acr\u00edlico\u00a0sobre tela |\u00a0140 x 80cm Mil razones\u00a0|\u00a0\u00d3leo sobre tela |\u00a0100 x 100cm INCONSCIENTE Todo lo que es adentro, es afuera.Todo lo que se siente, se act\u00faa.El todo es completud.SERIES RELACIONADASCUERPO Y ALMALA SINRAZ\u00d3N DE LA RAZ\u00d3NUN VIAJE DE LOS SENTIDOS\" \/>\n<meta property=\"og:url\" content=\"https:\/\/silviabasso.art\/en\/inconsciente\/\" \/>\n<meta property=\"og:site_name\" content=\"Silvia Basso\" \/>\n<meta property=\"article:modified_time\" content=\"2020-09-28T15:20:54+00:00\" \/>\n<meta property=\"og:image\" content=\"https:\/\/silviabasso.art\/wp-content\/uploads\/2020\/09\/Incosnciente-portada.jpg\" \/>\n\t<meta property=\"og:image:width\" content=\"1200\" \/>\n\t<meta property=\"og:image:height\" content=\"800\" \/>\n\t<meta property=\"og:image:type\" content=\"image\/jpeg\" \/>\n<meta name=\"twitter:card\" content=\"summary_large_image\" \/>\n<meta name=\"twitter:label1\" content=\"Estimated reading time\" \/>\n\t<meta name=\"twitter:data1\" content=\"3 minutes\" \/>\n<script type=\"application\/ld+json\" class=\"yoast-schema-graph\">{\"@context\":\"https:\\\/\\\/schema.org\",\"@graph\":[{\"@type\":\"WebPage\",\"@id\":\"https:\\\/\\\/silviabasso.art\\\/inconsciente\\\/\",\"url\":\"https:\\\/\\\/silviabasso.art\\\/inconsciente\\\/\",\"name\":\"Inconsciente - Silvia Basso\",\"isPartOf\":{\"@id\":\"https:\\\/\\\/silviabasso.art\\\/#website\"},\"primaryImageOfPage\":{\"@id\":\"https:\\\/\\\/silviabasso.art\\\/inconsciente\\\/#primaryimage\"},\"image\":{\"@id\":\"https:\\\/\\\/silviabasso.art\\\/inconsciente\\\/#primaryimage\"},\"thumbnailUrl\":\"https:\\\/\\\/silviabasso.art\\\/wp-content\\\/uploads\\\/2020\\\/09\\\/Incosnciente-portada.jpg\",\"datePublished\":\"2020-09-11T15:24:50+00:00\",\"dateModified\":\"2020-09-28T15:20:54+00:00\",\"breadcrumb\":{\"@id\":\"https:\\\/\\\/silviabasso.art\\\/inconsciente\\\/#breadcrumb\"},\"inLanguage\":\"en-GB\",\"potentialAction\":[{\"@type\":\"ReadAction\",\"target\":[\"https:\\\/\\\/silviabasso.art\\\/inconsciente\\\/\"]}]},{\"@type\":\"ImageObject\",\"inLanguage\":\"en-GB\",\"@id\":\"https:\\\/\\\/silviabasso.art\\\/inconsciente\\\/#primaryimage\",\"url\":\"https:\\\/\\\/silviabasso.art\\\/wp-content\\\/uploads\\\/2020\\\/09\\\/Incosnciente-portada.jpg\",\"contentUrl\":\"https:\\\/\\\/silviabasso.art\\\/wp-content\\\/uploads\\\/2020\\\/09\\\/Incosnciente-portada.jpg\",\"width\":1200,\"height\":800},{\"@type\":\"BreadcrumbList\",\"@id\":\"https:\\\/\\\/silviabasso.art\\\/inconsciente\\\/#breadcrumb\",\"itemListElement\":[{\"@type\":\"ListItem\",\"position\":1,\"name\":\"Portada\",\"item\":\"https:\\\/\\\/silviabasso.art\\\/\"},{\"@type\":\"ListItem\",\"position\":2,\"name\":\"Inconsciente\"}]},{\"@type\":\"WebSite\",\"@id\":\"https:\\\/\\\/silviabasso.art\\\/#website\",\"url\":\"https:\\\/\\\/silviabasso.art\\\/\",\"name\":\"Silvia Basso\",\"description\":\"Arte\",\"potentialAction\":[{\"@type\":\"SearchAction\",\"target\":{\"@type\":\"EntryPoint\",\"urlTemplate\":\"https:\\\/\\\/silviabasso.art\\\/?s={search_term_string}\"},\"query-input\":{\"@type\":\"PropertyValueSpecification\",\"valueRequired\":true,\"valueName\":\"search_term_string\"}}],\"inLanguage\":\"en-GB\"}]}<\/script>\n<!-- \/ Yoast SEO plugin. -->","yoast_head_json":{"title":"Inconsciente - Silvia Basso","robots":{"index":"index","follow":"follow","max-snippet":"max-snippet:-1","max-image-preview":"max-image-preview:large","max-video-preview":"max-video-preview:-1"},"canonical":"https:\/\/silviabasso.art\/en\/inconsciente\/","og_locale":"en_GB","og_type":"article","og_title":"Inconsciente - Silvia Basso","og_description":"Inconsciente\u00a0|\u00a0\u00d3leo sobre tela |\u00a0180 x1 00cm Horizonte | Acr\u00edlico\u00a0sobre tela |\u00a0140 x 80cm Iluminaci\u00f3n\u00a0| Acr\u00edlico\u00a0sobre tela |\u00a0140 x 80cm Mil razones\u00a0|\u00a0\u00d3leo sobre tela |\u00a0100 x 100cm INCONSCIENTE Todo lo que es adentro, es afuera.Todo lo que se siente, se act\u00faa.El todo es completud.SERIES RELACIONADASCUERPO Y ALMALA SINRAZ\u00d3N DE LA RAZ\u00d3NUN VIAJE DE LOS SENTIDOS","og_url":"https:\/\/silviabasso.art\/en\/inconsciente\/","og_site_name":"Silvia Basso","article_modified_time":"2020-09-28T15:20:54+00:00","og_image":[{"width":1200,"height":800,"url":"https:\/\/silviabasso.art\/wp-content\/uploads\/2020\/09\/Incosnciente-portada.jpg","type":"image\/jpeg"}],"twitter_card":"summary_large_image","twitter_misc":{"Estimated reading time":"3 minutes"},"schema":{"@context":"https:\/\/schema.org","@graph":[{"@type":"WebPage","@id":"https:\/\/silviabasso.art\/inconsciente\/","url":"https:\/\/silviabasso.art\/inconsciente\/","name":"Inconsciente - Silvia Basso","isPartOf":{"@id":"https:\/\/silviabasso.art\/#website"},"primaryImageOfPage":{"@id":"https:\/\/silviabasso.art\/inconsciente\/#primaryimage"},"image":{"@id":"https:\/\/silviabasso.art\/inconsciente\/#primaryimage"},"thumbnailUrl":"https:\/\/silviabasso.art\/wp-content\/uploads\/2020\/09\/Incosnciente-portada.jpg","datePublished":"2020-09-11T15:24:50+00:00","dateModified":"2020-09-28T15:20:54+00:00","breadcrumb":{"@id":"https:\/\/silviabasso.art\/inconsciente\/#breadcrumb"},"inLanguage":"en-GB","potentialAction":[{"@type":"ReadAction","target":["https:\/\/silviabasso.art\/inconsciente\/"]}]},{"@type":"ImageObject","inLanguage":"en-GB","@id":"https:\/\/silviabasso.art\/inconsciente\/#primaryimage","url":"https:\/\/silviabasso.art\/wp-content\/uploads\/2020\/09\/Incosnciente-portada.jpg","contentUrl":"https:\/\/silviabasso.art\/wp-content\/uploads\/2020\/09\/Incosnciente-portada.jpg","width":1200,"height":800},{"@type":"BreadcrumbList","@id":"https:\/\/silviabasso.art\/inconsciente\/#breadcrumb","itemListElement":[{"@type":"ListItem","position":1,"name":"Portada","item":"https:\/\/silviabasso.art\/"},{"@type":"ListItem","position":2,"name":"Inconsciente"}]},{"@type":"WebSite","@id":"https:\/\/silviabasso.art\/#website","url":"https:\/\/silviabasso.art\/","name":"Silvia Basso","description":"Arte","potentialAction":[{"@type":"SearchAction","target":{"@type":"EntryPoint","urlTemplate":"https:\/\/silviabasso.art\/?s={search_term_string}"},"query-input":{"@type":"PropertyValueSpecification","valueRequired":true,"valueName":"search_term_string"}}],"inLanguage":"en-GB"}]}},"_links":{"self":[{"href":"https:\/\/silviabasso.art\/en\/wp-json\/wp\/v2\/pages\/797","targetHints":{"allow":["GET"]}}],"collection":[{"href":"https:\/\/silviabasso.art\/en\/wp-json\/wp\/v2\/pages"}],"about":[{"href":"https:\/\/silviabasso.art\/en\/wp-json\/wp\/v2\/types\/page"}],"author":[{"embeddable":true,"href":"https:\/\/silviabasso.art\/en\/wp-json\/wp\/v2\/users\/1"}],"replies":[{"embeddable":true,"href":"https:\/\/silviabasso.art\/en\/wp-json\/wp\/v2\/comments?post=797"}],"version-history":[{"count":8,"href":"https:\/\/silviabasso.art\/en\/wp-json\/wp\/v2\/pages\/797\/revisions"}],"predecessor-version":[{"id":979,"href":"https:\/\/silviabasso.art\/en\/wp-json\/wp\/v2\/pages\/797\/revisions\/979"}],"wp:featuredmedia":[{"embeddable":true,"href":"https:\/\/silviabasso.art\/en\/wp-json\/wp\/v2\/media\/799"}],"wp:attachment":[{"href":"https:\/\/silviabasso.art\/en\/wp-json\/wp\/v2\/media?parent=797"}],"curies":[{"name":"wp","href":"https:\/\/api.w.org\/{rel}","templated":true}]}}