{"id":809,"date":"2020-09-11T15:30:24","date_gmt":"2020-09-11T15:30:24","guid":{"rendered":"https:\/\/silviabasso.art\/?page_id=809"},"modified":"2026-01-29T19:24:16","modified_gmt":"2026-01-29T19:24:16","slug":"cuerpo-y-alma","status":"publish","type":"page","link":"https:\/\/silviabasso.art\/en\/cuerpo-y-alma\/","title":{"rendered":"Cuerpo y Alma"},"content":{"rendered":"<p>[et_pb_section fb_built=\u00bb1&#8243; make_equal=\u00bbon\u00bb specialty=\u00bbon\u00bb module_id=\u00bbmenu\u00bb _builder_version=\u00bb4.6.0&#8243; _module_preset=\u00bbdefault\u00bb background_color=\u00bb#ececec\u00bb width=\u00bb100%\u00bb module_alignment=\u00bbcenter\u00bb inner_width_tablet=\u00bb80%\u00bb inner_width_phone=\u00bb90%\u00bb inner_width_last_edited=\u00bbon|tablet\u00bb inner_max_width=\u00bb100%\u00bb custom_padding=\u00bb0px||\u00bb][et_pb_column type=\u00bb2_3&#8243; specialty_columns=\u00bb2&#8243; _builder_version=\u00bb3.25&#8243; custom_padding=\u00bb|||\u00bb custom_padding__hover=\u00bb|||\u00bb][et_pb_row_inner _builder_version=\u00bb4.6.0&#8243; _module_preset=\u00bbdefault\u00bb width_tablet=\u00bb\u00bb width_phone=\u00bb100%\u00bb width_last_edited=\u00bbon|phone\u00bb max_width_tablet=\u00bb\u00bb max_width_phone=\u00bb100%\u00bb max_width_last_edited=\u00bbon|phone\u00bb custom_margin=\u00bb|0px||0px|false|true\u00bb custom_padding=\u00bb|0px||0px|false|true\u00bb][et_pb_column_inner saved_specialty_column_type=\u00bb2_3&#8243; _builder_version=\u00bb4.6.0&#8243; _module_preset=\u00bbdefault\u00bb custom_padding=\u00bb|0px||0px|false|true\u00bb][et_pb_image src=\u00bbhttps:\/\/silviabasso.art\/wp-content\/uploads\/2020\/09\/cuerpo-y-alma-1.jpg\u00bb title_text=\u00bbcuerpo y alma 1&#8243; _builder_version=\u00bb4.6.0&#8243; _module_preset=\u00bbdefault\u00bb custom_margin=\u00bb||20px||false|false\u00bb][\/et_pb_image][et_pb_text _builder_version=\u00bb4.6.0&#8243; _module_preset=\u00bbdefault\u00bb custom_margin=\u00bb0px||40px||false|false\u00bb hover_enabled=\u00bb0&#8243; sticky_enabled=\u00bb0&#8243;]<\/p>\n<p class=\"translation-block\"><strong>Cuerpo y alma<\/strong> |\u00a0Oil on canvas |\u00a0<strong>180 x 100cm<\/strong><\/p>\n<p>[\/et_pb_text][et_pb_image src=\u00bbhttps:\/\/silviabasso.art\/wp-content\/uploads\/2020\/09\/cuerpo-y-alma-2.jpg\u00bb title_text=\u00bbcuerpo y alma 2&#8243; _builder_version=\u00bb4.6.0&#8243; _module_preset=\u00bbdefault\u00bb custom_margin=\u00bb||20px||false|false\u00bb][\/et_pb_image][et_pb_text _builder_version=\u00bb4.6.0&#8243; _module_preset=\u00bbdefault\u00bb custom_margin=\u00bb0px||40px||false|false\u00bb hover_enabled=\u00bb0&#8243; sticky_enabled=\u00bb0&#8243;]<\/p>\n<p><strong>El descanso<\/strong> |\u00a0<span>O<\/span>il on canvas |\u00a0<strong>120 x 80cm<\/strong><\/p>\n<p>[\/et_pb_text][et_pb_image src=\u00bbhttps:\/\/silviabasso.art\/wp-content\/uploads\/2020\/09\/cuerpo-y-alma-3.jpg\u00bb title_text=\u00bbcuerpo y alma 3&#8243; align=\u00bbcenter\u00bb _builder_version=\u00bb4.6.0&#8243; _module_preset=\u00bbdefault\u00bb custom_margin=\u00bb||20px||false|false\u00bb][\/et_pb_image][et_pb_text _builder_version=\u00bb4.6.0&#8243; _module_preset=\u00bbdefault\u00bb custom_margin=\u00bb0px||40px||false|false\u00bb hover_enabled=\u00bb0&#8243; sticky_enabled=\u00bb0&#8243;]<\/p>\n<p><strong>Bailando con la luna<\/strong> |\u00a0<span>O<\/span>il on canvas |\u00a0<strong>90 x 130cm<\/strong><\/p>\n<p>[\/et_pb_text][\/et_pb_column_inner][\/et_pb_row_inner][\/et_pb_column][et_pb_column type=\u00bb1_3&#8243; _builder_version=\u00bb3.25&#8243; custom_padding=\u00bb|||\u00bb custom_padding__hover=\u00bb|||\u00bb][et_pb_text module_class=\u00bbmenuFlotante flotante\u00bb _builder_version=\u00bb4.6.0&#8243; _module_preset=\u00bbdefault\u00bb header_2_font=\u00bb||||||||\u00bb header_3_font_size=\u00bb30px\u00bb]<\/p>\n<h3>CUERPO Y ALMA<\/h3>\n<p>Looking for that feminine side, that enchanting energy, that poetry that ennobles my soul.<\/p>\n<p>[\/et_pb_text][\/et_pb_column][\/et_pb_section][et_pb_section fb_built=\u00bb1&#8243; _builder_version=\u00bb4.6.0&#8243; _module_preset=\u00bbdefault\u00bb background_color=\u00bb#ececec\u00bb saved_tabs=\u00bball\u00bb][et_pb_row _builder_version=\u00bb4.6.0&#8243; _module_preset=\u00bbdefault\u00bb][et_pb_column type=\u00bb4_4&#8243; _builder_version=\u00bb4.6.0&#8243; _module_preset=\u00bbdefault\u00bb][et_pb_text _builder_version=\u00bb4.6.0&#8243; _module_preset=\u00bbdefault\u00bb header_3_font=\u00bbMukta|300|||||||\u00bb header_3_text_align=\u00bbcenter\u00bb header_3_font_size=\u00bb35px\u00bb header_3_letter_spacing=\u00bb1px\u00bb]<\/p>\n<h3>RELATED SERIES<\/h3>\n<p>[\/et_pb_text][\/et_pb_column][\/et_pb_row][et_pb_row column_structure=\u00bb1_3,1_3,1_3&#8243; _builder_version=\u00bb4.6.0&#8243; _module_preset=\u00bbdefault\u00bb][et_pb_column type=\u00bb1_3&#8243; _builder_version=\u00bb4.6.0&#8243; _module_preset=\u00bbdefault\u00bb][et_pb_image src=\u00bbhttps:\/\/silviabasso.art\/wp-content\/uploads\/2020\/09\/Incosnciente-portada.jpg\u00bb title_text=\u00bbIncosnciente-portada\u00bb url=\u00bbhttps:\/\/silviabasso.art\/inconsciente\/\u00bb _builder_version=\u00bb4.6.0&#8243; _module_preset=\u00bbdefault\u00bb][\/et_pb_image][et_pb_text _builder_version=\u00bb4.6.0&#8243; _module_preset=\u00bbdefault\u00bb]<\/p>\n<h3 style=\"text-align: center;\"><a href=\"https:\/\/silviabasso.art\/en\/inconsciente\/\"><strong>INCONSISTENTE<\/strong><\/a><\/h3>\n<p>[\/et_pb_text][\/et_pb_column][et_pb_column type=\u00bb1_3&#8243; _builder_version=\u00bb4.6.0&#8243; _module_preset=\u00bbdefault\u00bb][et_pb_image src=\u00bbhttps:\/\/silviabasso.art\/wp-content\/uploads\/2020\/09\/Portada-sinrazon-de-la-razon.jpg\u00bb title_text=\u00bbPortada-sinrazon-de-la-razon\u00bb url=\u00bbhttps:\/\/silviabasso.art\/la-sinrazon-de-la-razon\/\u00bb _builder_version=\u00bb4.6.0&#8243; _module_preset=\u00bbdefault\u00bb][\/et_pb_image][et_pb_text _builder_version=\u00bb4.6.0&#8243; _module_preset=\u00bbdefault\u00bb]<\/p>\n<h3 style=\"text-align: center;\"><strong><a href=\"https:\/\/silviabasso.art\/en\/la-sinrazon-de-la-razon\/\">LA SINRAZ\u00d3N DE LA RAZ\u00d3N<\/a><\/strong><\/h3>\n<p>[\/et_pb_text][\/et_pb_column][et_pb_column type=\u00bb1_3&#8243; _builder_version=\u00bb4.6.0&#8243; _module_preset=\u00bbdefault\u00bb][et_pb_image src=\u00bbhttps:\/\/silviabasso.art\/wp-content\/uploads\/2020\/09\/un-viaje-portada.jpg\u00bb title_text=\u00bbun-viaje-portada\u00bb url=\u00bbhttps:\/\/silviabasso.art\/inconsciente\/\u00bb _builder_version=\u00bb4.6.0&#8243; _module_preset=\u00bbdefault\u00bb][\/et_pb_image][et_pb_text _builder_version=\u00bb4.6.0&#8243; _module_preset=\u00bbdefault\u00bb]<\/p>\n<h3 style=\"text-align: center;\"><strong><a href=\"https:\/\/silviabasso.art\/en\/un-viaje-de-los-sentidos-2\/\">UN VIAJE DE LOS SENTIDOS<\/a><\/strong><\/h3>\n<p>[\/et_pb_text][\/et_pb_column][\/et_pb_row][\/et_pb_section]<\/p>","protected":false},"excerpt":{"rendered":"<p>Cuerpo y alma |\u00a0\u00d3leo sobre tela |\u00a0180 x 100cm El descanso |\u00a0\u00d3leo sobre tela |\u00a0120 x 80cm Bailando con la luna |\u00a0\u00d3leo sobre tela |\u00a090 x 130cm CUERPO Y ALMA Buscando ese lado femenino, esa energ\u00eda encantadora de la luna, esa poes\u00eda que ennoblece mi alma.SERIES RELACIONADASINCONSISTENTELA SINRAZ\u00d3N DE LA RAZ\u00d3NUN VIAJE DE LOS SENTIDOS<\/p>","protected":false},"author":1,"featured_media":810,"parent":0,"menu_order":0,"comment_status":"closed","ping_status":"closed","template":"","meta":{"_et_pb_use_builder":"on","_et_pb_old_content":"","_et_gb_content_width":"","footnotes":""},"class_list":["post-809","page","type-page","status-publish","has-post-thumbnail","hentry"],"yoast_head":"<!-- This site is optimized with the Yoast SEO plugin v27.4 - https:\/\/yoast.com\/product\/yoast-seo-wordpress\/ -->\n<title>Cuerpo y Alma - Silvia Basso<\/title>\n<meta name=\"robots\" content=\"index, follow, max-snippet:-1, max-image-preview:large, max-video-preview:-1\" \/>\n<link rel=\"canonical\" href=\"https:\/\/silviabasso.art\/en\/cuerpo-y-alma\/\" \/>\n<meta property=\"og:locale\" content=\"en_GB\" \/>\n<meta property=\"og:type\" content=\"article\" \/>\n<meta property=\"og:title\" content=\"Cuerpo y Alma - Silvia Basso\" \/>\n<meta property=\"og:description\" content=\"Cuerpo y alma |\u00a0\u00d3leo sobre tela |\u00a0180 x 100cm El descanso |\u00a0\u00d3leo sobre tela |\u00a0120 x 80cm Bailando con la luna |\u00a0\u00d3leo sobre tela |\u00a090 x 130cm CUERPO Y ALMA Buscando ese lado femenino, esa energ\u00eda encantadora de la luna, esa poes\u00eda que ennoblece mi alma.SERIES RELACIONADASINCONSISTENTELA SINRAZ\u00d3N DE LA RAZ\u00d3NUN VIAJE DE LOS SENTIDOS\" \/>\n<meta property=\"og:url\" content=\"https:\/\/silviabasso.art\/en\/cuerpo-y-alma\/\" \/>\n<meta property=\"og:site_name\" content=\"Silvia Basso\" \/>\n<meta property=\"article:modified_time\" content=\"2026-01-29T19:24:16+00:00\" \/>\n<meta property=\"og:image\" content=\"https:\/\/silviabasso.art\/wp-content\/uploads\/2020\/09\/Cuaerpo-y-alma-portada.jpg\" \/>\n\t<meta property=\"og:image:width\" content=\"1200\" \/>\n\t<meta property=\"og:image:height\" content=\"800\" \/>\n\t<meta property=\"og:image:type\" content=\"image\/jpeg\" \/>\n<meta name=\"twitter:card\" content=\"summary_large_image\" \/>\n<meta name=\"twitter:label1\" content=\"Estimated reading time\" \/>\n\t<meta name=\"twitter:data1\" content=\"3 minutes\" \/>\n<script type=\"application\/ld+json\" class=\"yoast-schema-graph\">{\"@context\":\"https:\\\/\\\/schema.org\",\"@graph\":[{\"@type\":\"WebPage\",\"@id\":\"https:\\\/\\\/silviabasso.art\\\/cuerpo-y-alma\\\/\",\"url\":\"https:\\\/\\\/silviabasso.art\\\/cuerpo-y-alma\\\/\",\"name\":\"Cuerpo y Alma - Silvia Basso\",\"isPartOf\":{\"@id\":\"https:\\\/\\\/silviabasso.art\\\/#website\"},\"primaryImageOfPage\":{\"@id\":\"https:\\\/\\\/silviabasso.art\\\/cuerpo-y-alma\\\/#primaryimage\"},\"image\":{\"@id\":\"https:\\\/\\\/silviabasso.art\\\/cuerpo-y-alma\\\/#primaryimage\"},\"thumbnailUrl\":\"https:\\\/\\\/silviabasso.art\\\/wp-content\\\/uploads\\\/2020\\\/09\\\/Cuaerpo-y-alma-portada.jpg\",\"datePublished\":\"2020-09-11T15:30:24+00:00\",\"dateModified\":\"2026-01-29T19:24:16+00:00\",\"breadcrumb\":{\"@id\":\"https:\\\/\\\/silviabasso.art\\\/cuerpo-y-alma\\\/#breadcrumb\"},\"inLanguage\":\"en-GB\",\"potentialAction\":[{\"@type\":\"ReadAction\",\"target\":[\"https:\\\/\\\/silviabasso.art\\\/cuerpo-y-alma\\\/\"]}]},{\"@type\":\"ImageObject\",\"inLanguage\":\"en-GB\",\"@id\":\"https:\\\/\\\/silviabasso.art\\\/cuerpo-y-alma\\\/#primaryimage\",\"url\":\"https:\\\/\\\/silviabasso.art\\\/wp-content\\\/uploads\\\/2020\\\/09\\\/Cuaerpo-y-alma-portada.jpg\",\"contentUrl\":\"https:\\\/\\\/silviabasso.art\\\/wp-content\\\/uploads\\\/2020\\\/09\\\/Cuaerpo-y-alma-portada.jpg\",\"width\":1200,\"height\":800},{\"@type\":\"BreadcrumbList\",\"@id\":\"https:\\\/\\\/silviabasso.art\\\/cuerpo-y-alma\\\/#breadcrumb\",\"itemListElement\":[{\"@type\":\"ListItem\",\"position\":1,\"name\":\"Portada\",\"item\":\"https:\\\/\\\/silviabasso.art\\\/\"},{\"@type\":\"ListItem\",\"position\":2,\"name\":\"Cuerpo y Alma\"}]},{\"@type\":\"WebSite\",\"@id\":\"https:\\\/\\\/silviabasso.art\\\/#website\",\"url\":\"https:\\\/\\\/silviabasso.art\\\/\",\"name\":\"Silvia Basso\",\"description\":\"Arte\",\"potentialAction\":[{\"@type\":\"SearchAction\",\"target\":{\"@type\":\"EntryPoint\",\"urlTemplate\":\"https:\\\/\\\/silviabasso.art\\\/?s={search_term_string}\"},\"query-input\":{\"@type\":\"PropertyValueSpecification\",\"valueRequired\":true,\"valueName\":\"search_term_string\"}}],\"inLanguage\":\"en-GB\"}]}<\/script>\n<!-- \/ Yoast SEO plugin. -->","yoast_head_json":{"title":"Cuerpo y Alma - Silvia Basso","robots":{"index":"index","follow":"follow","max-snippet":"max-snippet:-1","max-image-preview":"max-image-preview:large","max-video-preview":"max-video-preview:-1"},"canonical":"https:\/\/silviabasso.art\/en\/cuerpo-y-alma\/","og_locale":"en_GB","og_type":"article","og_title":"Cuerpo y Alma - Silvia Basso","og_description":"Cuerpo y alma |\u00a0\u00d3leo sobre tela |\u00a0180 x 100cm El descanso |\u00a0\u00d3leo sobre tela |\u00a0120 x 80cm Bailando con la luna |\u00a0\u00d3leo sobre tela |\u00a090 x 130cm CUERPO Y ALMA Buscando ese lado femenino, esa energ\u00eda encantadora de la luna, esa poes\u00eda que ennoblece mi alma.SERIES RELACIONADASINCONSISTENTELA SINRAZ\u00d3N DE LA RAZ\u00d3NUN VIAJE DE LOS SENTIDOS","og_url":"https:\/\/silviabasso.art\/en\/cuerpo-y-alma\/","og_site_name":"Silvia Basso","article_modified_time":"2026-01-29T19:24:16+00:00","og_image":[{"width":1200,"height":800,"url":"https:\/\/silviabasso.art\/wp-content\/uploads\/2020\/09\/Cuaerpo-y-alma-portada.jpg","type":"image\/jpeg"}],"twitter_card":"summary_large_image","twitter_misc":{"Estimated reading time":"3 minutes"},"schema":{"@context":"https:\/\/schema.org","@graph":[{"@type":"WebPage","@id":"https:\/\/silviabasso.art\/cuerpo-y-alma\/","url":"https:\/\/silviabasso.art\/cuerpo-y-alma\/","name":"Cuerpo y Alma - Silvia Basso","isPartOf":{"@id":"https:\/\/silviabasso.art\/#website"},"primaryImageOfPage":{"@id":"https:\/\/silviabasso.art\/cuerpo-y-alma\/#primaryimage"},"image":{"@id":"https:\/\/silviabasso.art\/cuerpo-y-alma\/#primaryimage"},"thumbnailUrl":"https:\/\/silviabasso.art\/wp-content\/uploads\/2020\/09\/Cuaerpo-y-alma-portada.jpg","datePublished":"2020-09-11T15:30:24+00:00","dateModified":"2026-01-29T19:24:16+00:00","breadcrumb":{"@id":"https:\/\/silviabasso.art\/cuerpo-y-alma\/#breadcrumb"},"inLanguage":"en-GB","potentialAction":[{"@type":"ReadAction","target":["https:\/\/silviabasso.art\/cuerpo-y-alma\/"]}]},{"@type":"ImageObject","inLanguage":"en-GB","@id":"https:\/\/silviabasso.art\/cuerpo-y-alma\/#primaryimage","url":"https:\/\/silviabasso.art\/wp-content\/uploads\/2020\/09\/Cuaerpo-y-alma-portada.jpg","contentUrl":"https:\/\/silviabasso.art\/wp-content\/uploads\/2020\/09\/Cuaerpo-y-alma-portada.jpg","width":1200,"height":800},{"@type":"BreadcrumbList","@id":"https:\/\/silviabasso.art\/cuerpo-y-alma\/#breadcrumb","itemListElement":[{"@type":"ListItem","position":1,"name":"Portada","item":"https:\/\/silviabasso.art\/"},{"@type":"ListItem","position":2,"name":"Cuerpo y Alma"}]},{"@type":"WebSite","@id":"https:\/\/silviabasso.art\/#website","url":"https:\/\/silviabasso.art\/","name":"Silvia Basso","description":"Arte","potentialAction":[{"@type":"SearchAction","target":{"@type":"EntryPoint","urlTemplate":"https:\/\/silviabasso.art\/?s={search_term_string}"},"query-input":{"@type":"PropertyValueSpecification","valueRequired":true,"valueName":"search_term_string"}}],"inLanguage":"en-GB"}]}},"_links":{"self":[{"href":"https:\/\/silviabasso.art\/en\/wp-json\/wp\/v2\/pages\/809","targetHints":{"allow":["GET"]}}],"collection":[{"href":"https:\/\/silviabasso.art\/en\/wp-json\/wp\/v2\/pages"}],"about":[{"href":"https:\/\/silviabasso.art\/en\/wp-json\/wp\/v2\/types\/page"}],"author":[{"embeddable":true,"href":"https:\/\/silviabasso.art\/en\/wp-json\/wp\/v2\/users\/1"}],"replies":[{"embeddable":true,"href":"https:\/\/silviabasso.art\/en\/wp-json\/wp\/v2\/comments?post=809"}],"version-history":[{"count":10,"href":"https:\/\/silviabasso.art\/en\/wp-json\/wp\/v2\/pages\/809\/revisions"}],"predecessor-version":[{"id":1076,"href":"https:\/\/silviabasso.art\/en\/wp-json\/wp\/v2\/pages\/809\/revisions\/1076"}],"wp:featuredmedia":[{"embeddable":true,"href":"https:\/\/silviabasso.art\/en\/wp-json\/wp\/v2\/media\/810"}],"wp:attachment":[{"href":"https:\/\/silviabasso.art\/en\/wp-json\/wp\/v2\/media?parent=809"}],"curies":[{"name":"wp","href":"https:\/\/api.w.org\/{rel}","templated":true}]}}